{"id":4966,"date":"2016-08-11T12:19:12","date_gmt":"2016-08-11T10:19:12","guid":{"rendered":"https:\/\/www.reiflock.de\/technikprogramm\/non%20class\u00e9\/reifomat-500\/"},"modified":"2026-03-13T11:44:31","modified_gmt":"2026-03-13T10:44:31","slug":"reifomat-500","status":"publish","type":"product","link":"https:\/\/www.reiflock.de\/fr\/technikprogramm\/installation-demulsion-pure\/reifomat-500\/","title":{"rendered":"REIFOMAT 500"},"content":{"rendered":"<div class=\"wpb-content-wrapper\">[vc_row][vc_column][vc_column_text css=\u00a0\u00bb.vc_custom_1452597443116{margin-top: -20px !important;margin-bottom: 10px !important;}\u00a0\u00bb]\n<h4>Avantages du REIFOMAT 500<\/h4>\n[\/vc_column_text][vc_column_text]\n<ul>\n<li>Facile \u00e0 utiliser et \u00e0 entretenir<\/li>\n<li>pour une utilisation mobile, sur roulettes verrouillables<\/li>\n<li>C\u00e2ble de raccordement 2,2 kW<\/li>\n<li>Teneur max. Concentration de la solution d&rsquo;environ 0,8 %. <\/li>\n<li>Conception compacte en acier inoxydable<\/li>\n<li>Ajustement rapide de la concentration de la solution<\/li>\n<\/ul>\n[\/vc_column_text][vc_empty_space height=\u00a0\u00bb20px\u00a0\u00bb][vc_column_text css=\u00a0\u00bb.vc_custom_1452596843847{margin-top: -20px !important;margin-bottom: 10px !important;}\u00a0\u00bb]\n<h4>Br\u00e8ve description<\/h4>\n[\/vc_column_text][vc_column_text]Le syst\u00e8me de dosage enti\u00e8rement automatis\u00e9 pour une activation optimale des polym\u00e8res liquides.<\/p>\n<p>Le syst\u00e8me est mont\u00e9 sur un ch\u00e2ssis compact en V4A avec une armoire de commande, ce qui le rend facile \u00e0 utiliser et \u00e0 entretenir.<br \/>\nL&rsquo;\u00e9l\u00e9ment de sol en t\u00f4le perfor\u00e9e garantit un grand confort de nettoyage. Le REIFOMAT 500 est \u00e9quip\u00e9 de roulettes verrouillables pour faciliter son transport ou son utilisation mobile. <\/p>\n<p>\u00c0 l&rsquo;aide d&rsquo;une pompe \u00e0 vis excentr\u00e9e r\u00e9glable en continu, le polym\u00e8re liquide est aspir\u00e9 \u00e0 partir d&rsquo;un bidon et transport\u00e9 dans le bloc d&rsquo;inversion par deux conduites de dosage et buses d&rsquo;inversion s\u00e9par\u00e9es, puis m\u00e9lang\u00e9 \u00e0 l&rsquo;eau de traitement en utilisant un \u00e9coulement laminaire et turbulent.<\/p>\n<p>En combinaison avec une section d&rsquo;expansion et une section de compression subs\u00e9quentes, on obtient un cisaillement d\u00e9fini et doux des macromol\u00e9cules et une activation proche de 100% avec un temps de maturation minimal et un rendement \u00e9lev\u00e9.<\/p>\n<p>La pompe de transfert int\u00e9gr\u00e9e assure d&rsquo;une part le transport de la solution d&rsquo;utilisation, m\u00eame sur de grandes distances, vers un r\u00e9cipient de maturation et d&rsquo;autre part une homog\u00e9n\u00e9isation intensive de la solution de polym\u00e8re pr\u00e9par\u00e9e.<\/p>\n<p>En cas de manque d&rsquo;espace ou d&rsquo;utilisation pour l&rsquo;\u00e9paississement m\u00e9canique des boues, avec des d\u00e9bits de dosage faibles, la solution de polym\u00e8re enti\u00e8rement m\u00e9lang\u00e9e peut \u00e9galement \u00eatre dos\u00e9e directement dans la ligne de demande.[\/vc_column_text][vc_empty_space height=\u00a0\u00bb20px\u00a0\u00bb][vc_column_text css=\u00a0\u00bb.vc_custom_1452597521559{margin-top: -20px !important;margin-bottom: 10px !important;}\u00a0\u00bb]\n<h4 class=\"Stil24\">REIFOMAT 500 &#8211; Caract\u00e9ristiques techniques<\/h4>\n[\/vc_column_text][vc_column_text]\n<p class=\"Stil24\"><span class=\"Stil29\">D\u00e9bit d&rsquo;eau : 40 &#8211; 160 l\/min.<br \/>\nD\u00e9bit de polym\u00e8re : 0,12 &#8211; 2,5 l \/ min.<br \/>\n<\/span><span class=\"Stil29\"><br \/>\nConcentration de floculant pouvant \u00eatre obtenue : 0,07 &#8211; 2,5 %<br \/>\nRaccordement \u00e9lectrique : 380 V \/ 16 A<br \/>\nPuissance de raccordement : env. 2,2 kW<\/span><\/p>\n<p>Poids : environ 120 kg<\/p>\n<p><strong>Dimensions :<\/strong><br \/>\nLargeur : 1.000 mm<br \/>\nProfondeur : 750 mm<br \/>\nHauteur : 1.500 mm[\/vc_column_text][vc_empty_space height=\u00a0\u00bb20px\u00a0\u00bb][\/vc_column][\/vc_row]\n<\/div>","protected":false},"excerpt":{"rendered":"<p>[vc_row][vc_column][vc_column_text css=\u00a0\u00bb.vc_custom_1452597443116{margin-top: -20px !important;margin-bottom: 10px !important;}\u00a0\u00bb] Avantages du REIFOMAT 500 [\/vc_column_text][vc_column_text] Facile \u00e0 utiliser et \u00e0 entretenir pour une utilisation mobile, sur roulettes verrouillables C\u00e2ble de raccordement 2,2 kW Teneur max. Concentration de la solution d&rsquo;environ 0,8 %. Conception compacte en acier inoxydable Ajustement rapide de la concentration de la solution [\/vc_column_text][vc_empty_space height=\u00a0\u00bb20px\u00a0\u00bb][vc_column_text css=\u00a0\u00bb.vc_custom_1452596843847{margin-top: -20px&hellip;<\/p>\n","protected":false},"featured_media":1423,"comment_status":"closed","ping_status":"closed","template":"","meta":[],"product_brand":[],"product_cat":[74],"product_tag":[],"class_list":{"0":"post-4966","1":"product","2":"type-product","3":"status-publish","4":"has-post-thumbnail","6":"product_cat-installation-demulsion-pure","7":"entry","8":"has-media","10":"first","11":"instock","12":"shipping-taxable","13":"product-type-simple"},"_links":{"self":[{"href":"https:\/\/www.reiflock.de\/fr\/wp-json\/wp\/v2\/product\/4966","targetHints":{"allow":["GET"]}}],"collection":[{"href":"https:\/\/www.reiflock.de\/fr\/wp-json\/wp\/v2\/product"}],"about":[{"href":"https:\/\/www.reiflock.de\/fr\/wp-json\/wp\/v2\/types\/product"}],"replies":[{"embeddable":true,"href":"https:\/\/www.reiflock.de\/fr\/wp-json\/wp\/v2\/comments?post=4966"}],"wp:featuredmedia":[{"embeddable":true,"href":"https:\/\/www.reiflock.de\/fr\/wp-json\/wp\/v2\/media\/1423"}],"wp:attachment":[{"href":"https:\/\/www.reiflock.de\/fr\/wp-json\/wp\/v2\/media?parent=4966"}],"wp:term":[{"taxonomy":"product_brand","embeddable":true,"href":"https:\/\/www.reiflock.de\/fr\/wp-json\/wp\/v2\/product_brand?post=4966"},{"taxonomy":"product_cat","embeddable":true,"href":"https:\/\/www.reiflock.de\/fr\/wp-json\/wp\/v2\/product_cat?post=4966"},{"taxonomy":"product_tag","embeddable":true,"href":"https:\/\/www.reiflock.de\/fr\/wp-json\/wp\/v2\/product_tag?post=4966"}],"curies":[{"name":"wp","href":"https:\/\/api.w.org\/{rel}","templated":true}]}}