{"id":4962,"date":"2016-06-24T13:57:22","date_gmt":"2016-06-24T11:57:22","guid":{"rendered":"https:\/\/www.reiflock.de\/technikprogramm\/non%20class\u00e9\/reifomat-2000\/"},"modified":"2026-03-13T11:44:38","modified_gmt":"2026-03-13T10:44:38","slug":"reifomat-2000","status":"publish","type":"product","link":"https:\/\/www.reiflock.de\/fr\/technikprogramm\/installation-de-production-de-granules-demulsions\/reifomat-2000\/","title":{"rendered":"REIFOMAT 2000"},"content":{"rendered":"<div class=\"wpb-content-wrapper\">[vc_row][vc_column][vc_column_text css=\u00a0\u00bb.vc_custom_1452597443116{margin-top: -20px !important;margin-bottom: 10px !important;}\u00a0\u00bb]\n<h4>Avantages du REIFOMAT 2000<\/h4>\n[\/vc_column_text][vc_column_text]\n<ul>\n<li>construction solide en acier inoxydable<\/li>\n<li>M\u00e9langeur haute performance<\/li>\n<li>Fonctionnement possible avec un polym\u00e8re solide ou liquide ou en combinaison<\/li>\n<li>Syst\u00e8me de m\u00e9lange pour les produits chimiques solides et liquides difficiles \u00e0 m\u00e9langer \u00e0 l&rsquo;eau<\/li>\n<li>Adaptation de tous les param\u00e8tres de processus \u00e0 l&rsquo;application concern\u00e9e via un API<\/li>\n<li>concentration constante de la solution gr\u00e2ce \u00e0 des contr\u00f4les logiciels<\/li>\n<li>utilisation intuitive via un panneau tactile couleur haute r\u00e9solution<\/li>\n<li>Proportion de produit en poudre et de produit liquide librement s\u00e9lectionnable<\/li>\n<li>R\u00e9servoir, unit\u00e9 de dosage et de m\u00e9lange positionn\u00e9s pour faciliter l&rsquo;entretien<\/li>\n<li>acc\u00e8s direct \u00e0 toutes les entr\u00e9es et sorties<\/li>\n<li>maintenance minimale<\/li>\n<\/ul>\n[\/vc_column_text][vc_empty_space height=\u00a0\u00bb20px\u00a0\u00bb][vc_column_text css=\u00a0\u00bb.vc_custom_1452596843847{margin-top: -20px !important;margin-bottom: 10px !important;}\u00a0\u00bb]\n<h4>Br\u00e8ve description<\/h4>\n[\/vc_column_text][vc_column_text]Le REIFOMAT 2000 est livr\u00e9 en tant qu&rsquo;installation pr\u00eate \u00e0 l&#8217;emploi, enti\u00e8rement tub\u00e9e et c\u00e2bl\u00e9e. L&rsquo;armoire \u00e9lectrique et de commande est homologu\u00e9e VDE et mont\u00e9e sur un ch\u00e2ssis en acier inoxydable. Sur place, le client doit uniquement assurer le raccordement \u00e0 l&rsquo;eau et l&rsquo;alimentation \u00e9lectrique.  <\/p>\n<p>&nbsp;<\/p>\n<p><strong>Les composants essentiels :<\/strong><\/p>\n<ul>\n<li>Pompe pFM (r\u00e9gul\u00e9e par variateur) pour le concentr\u00e9 liquide<\/li>\n<li>Doseur de mati\u00e8res s\u00e8ches (r\u00e9gul\u00e9 par FU)<\/li>\n<li>Disperseur haute performance avec pompe \u00e0 jet d&rsquo;eau pour solides sp\u00e9cialement adapt\u00e9e \u00e0 chaque application<\/li>\n<li>bloc de m\u00e9lange statique<\/li>\n<li>M\u00e9langeur double ou \u00e0 jet dirig\u00e9 (contr\u00f4l\u00e9 par FU)<\/li>\n<li>R\u00e9cipients de dissolution et de maturation<\/li>\n<li>R\u00e9servoir de dosage<\/li>\n<li>Armoire de commande et de contr\u00f4le avec API<\/li>\n<li>Panneau tactile couleur 7<\/li>\n<\/ul>\n<p>&nbsp;<\/p>\n<p><strong>Options :<\/strong><\/p>\n<ul>\n<li>Transporteur de poudre pFM<\/li>\n<li>Support pour big bags pour le pr\u00e9l\u00e8vement direct de la poudre pFM<\/li>\n<li>Palan avec croix de r\u00e9ception<\/li>\n<\/ul>\n[\/vc_column_text][vc_column_text][\/vc_row]\n<\/div>","protected":false},"excerpt":{"rendered":"<p>[vc_row][vc_column][vc_column_text css=\u00a0\u00bb.vc_custom_1452597443116{margin-top: -20px !important;margin-bottom: 10px !important;}\u00a0\u00bb] Avantages du REIFOMAT 2000 [\/vc_column_text][vc_column_text] construction solide en acier inoxydable M\u00e9langeur haute performance Fonctionnement possible avec un polym\u00e8re solide ou liquide ou en combinaison Syst\u00e8me de m\u00e9lange pour les produits chimiques solides et liquides difficiles \u00e0 m\u00e9langer \u00e0 l&rsquo;eau Adaptation de tous les param\u00e8tres de processus \u00e0 l&rsquo;application concern\u00e9e&hellip;<\/p>\n","protected":false},"featured_media":1426,"comment_status":"closed","ping_status":"closed","template":"","meta":[],"product_brand":[],"product_cat":[73],"product_tag":[],"class_list":{"0":"post-4962","1":"product","2":"type-product","3":"status-publish","4":"has-post-thumbnail","6":"product_cat-installation-de-production-de-granules-demulsions","7":"entry","8":"has-media","10":"first","11":"instock","12":"shipping-taxable","13":"product-type-simple"},"_links":{"self":[{"href":"https:\/\/www.reiflock.de\/fr\/wp-json\/wp\/v2\/product\/4962","targetHints":{"allow":["GET"]}}],"collection":[{"href":"https:\/\/www.reiflock.de\/fr\/wp-json\/wp\/v2\/product"}],"about":[{"href":"https:\/\/www.reiflock.de\/fr\/wp-json\/wp\/v2\/types\/product"}],"replies":[{"embeddable":true,"href":"https:\/\/www.reiflock.de\/fr\/wp-json\/wp\/v2\/comments?post=4962"}],"wp:featuredmedia":[{"embeddable":true,"href":"https:\/\/www.reiflock.de\/fr\/wp-json\/wp\/v2\/media\/1426"}],"wp:attachment":[{"href":"https:\/\/www.reiflock.de\/fr\/wp-json\/wp\/v2\/media?parent=4962"}],"wp:term":[{"taxonomy":"product_brand","embeddable":true,"href":"https:\/\/www.reiflock.de\/fr\/wp-json\/wp\/v2\/product_brand?post=4962"},{"taxonomy":"product_cat","embeddable":true,"href":"https:\/\/www.reiflock.de\/fr\/wp-json\/wp\/v2\/product_cat?post=4962"},{"taxonomy":"product_tag","embeddable":true,"href":"https:\/\/www.reiflock.de\/fr\/wp-json\/wp\/v2\/product_tag?post=4962"}],"curies":[{"name":"wp","href":"https:\/\/api.w.org\/{rel}","templated":true}]}}