{"id":4960,"date":"2016-08-12T12:04:29","date_gmt":"2016-08-12T10:04:29","guid":{"rendered":"https:\/\/www.reiflock.de\/technikprogramm\/non%20class\u00e9\/reiflock-melangeur\/"},"modified":"2026-03-13T11:44:30","modified_gmt":"2026-03-13T10:44:30","slug":"reiflock-melangeur","status":"publish","type":"product","link":"https:\/\/www.reiflock.de\/fr\/technikprogramm\/accessoires\/reiflock-melangeur\/","title":{"rendered":"REIFLOCK-M\u00e9langeur"},"content":{"rendered":"<div class=\"wpb-content-wrapper\">[vc_row][vc_column][vc_column_text css=\u00a0\u00bb.vc_custom_1452596814445{margin-top: -20px !important;margin-bottom: 10px !important;}\u00a0\u00bb]\n<h4>Avantages du m\u00e9langeur REIFLOCK<\/h4>\n[\/vc_column_text][vc_column_text]\n<ul>\n<li>Introduction uniforme du polym\u00e8re<\/li>\n<li>R\u00e9duction de la quantit\u00e9 de dosage<\/li>\n<li>R\u00e9duction de la proportion d&rsquo;eau de cargaison<\/li>\n<li>Possibilit\u00e9 d&rsquo;obtenir des valeurs de r\u00e9sidu sec plus \u00e9lev\u00e9es<\/li>\n<li>M\u00e9lange de concentrations de solutions 0,1 &#8211; 1 % WS dans des flux de boues en circulation<\/li>\n<li>DN 100 &#8211; longueur 350 mm &#8211; personnalisable<\/li>\n<\/ul>\n[\/vc_column_text][vc_empty_space height=\u00a0\u00bb20px\u00a0\u00bb][vc_column_text css=\u00a0\u00bb.vc_custom_1452596843847{margin-top: -20px !important;margin-bottom: 10px !important;}\u00a0\u00bb]\n<\/div>","protected":false},"excerpt":{"rendered":"<p>[vc_row][vc_column][vc_column_text css=\u00a0\u00bb.vc_custom_1452596814445{margin-top: -20px !important;margin-bottom: 10px !important;}\u00a0\u00bb] Avantages du m\u00e9langeur REIFLOCK [\/vc_column_text][vc_column_text] Introduction uniforme du polym\u00e8re R\u00e9duction de la quantit\u00e9 de dosage R\u00e9duction de la proportion d&rsquo;eau de cargaison Possibilit\u00e9 d&rsquo;obtenir des valeurs de r\u00e9sidu sec plus \u00e9lev\u00e9es M\u00e9lange de concentrations de solutions 0,1 &#8211; 1 % WS dans des flux de boues en circulation DN&hellip;<\/p>\n","protected":false},"featured_media":1937,"comment_status":"closed","ping_status":"closed","template":"","meta":[],"product_brand":[],"product_cat":[75],"product_tag":[],"class_list":{"0":"post-4960","1":"product","2":"type-product","3":"status-publish","4":"has-post-thumbnail","6":"product_cat-accessoires","7":"entry","8":"has-media","10":"first","11":"instock","12":"shipping-taxable","13":"product-type-simple"},"_links":{"self":[{"href":"https:\/\/www.reiflock.de\/fr\/wp-json\/wp\/v2\/product\/4960","targetHints":{"allow":["GET"]}}],"collection":[{"href":"https:\/\/www.reiflock.de\/fr\/wp-json\/wp\/v2\/product"}],"about":[{"href":"https:\/\/www.reiflock.de\/fr\/wp-json\/wp\/v2\/types\/product"}],"replies":[{"embeddable":true,"href":"https:\/\/www.reiflock.de\/fr\/wp-json\/wp\/v2\/comments?post=4960"}],"wp:featuredmedia":[{"embeddable":true,"href":"https:\/\/www.reiflock.de\/fr\/wp-json\/wp\/v2\/media\/1937"}],"wp:attachment":[{"href":"https:\/\/www.reiflock.de\/fr\/wp-json\/wp\/v2\/media?parent=4960"}],"wp:term":[{"taxonomy":"product_brand","embeddable":true,"href":"https:\/\/www.reiflock.de\/fr\/wp-json\/wp\/v2\/product_brand?post=4960"},{"taxonomy":"product_cat","embeddable":true,"href":"https:\/\/www.reiflock.de\/fr\/wp-json\/wp\/v2\/product_cat?post=4960"},{"taxonomy":"product_tag","embeddable":true,"href":"https:\/\/www.reiflock.de\/fr\/wp-json\/wp\/v2\/product_tag?post=4960"}],"curies":[{"name":"wp","href":"https:\/\/api.w.org\/{rel}","templated":true}]}}