{"id":4797,"date":"2015-11-18T08:18:01","date_gmt":"2015-11-18T07:18:01","guid":{"rendered":"https:\/\/www.reiflock.de\/solutions-sectorielles\/"},"modified":"2026-03-17T12:14:53","modified_gmt":"2026-03-17T11:14:53","slug":"solutions-sectorielles","status":"publish","type":"page","link":"https:\/\/www.reiflock.de\/fr\/solutions-sectorielles\/","title":{"rendered":"Solutions sectorielles"},"content":{"rendered":"<div class=\"wpb-content-wrapper\">[vc_row][vc_column][vc_empty_space height=\u00a0\u00bb40px\u00a0\u00bb][\/vc_column][\/vc_row][vc_row][vc_column width=\u00a0\u00bb5\/12&Prime;]<h2 class=\"vcex-heading vcex-heading-plain vcex-module wpex-heading wpex-text-2xl\"><span class=\"vcex-heading-inner wpex-inline-block\">Solutions sectorielles personnalis\u00e9es<\/span><\/h2>[vc_empty_space height=\u00a0\u00bb20px\u00a0\u00bb][vc_column_text]Il n&rsquo;existe malheureusement pas \u00ab\u00a0une seule solution\u00a0\u00bb qui puisse r\u00e9pondre simultan\u00e9ment \u00e0 toutes les exigences sp\u00e9cifiques et \u00e0 tous les secteurs d&rsquo;activit\u00e9.<br \/>\nDes solutions individuelles et efficaces n\u00e9cessitent donc des analyses approfondies et des valeurs empiriques lors de l&rsquo;utilisation de floculants polym\u00e8res appropri\u00e9s en combinaison avec la technique de proc\u00e9d\u00e9 ad\u00e9quate.<\/p>\n<p>Nos produits de haute qualit\u00e9, combin\u00e9s aux techniques de proc\u00e9d\u00e9 ad\u00e9quates avec des techniques de dosage et de m\u00e9lange innovantes, permettent d&rsquo;obtenir les meilleurs r\u00e9sultats possibles lors du traitement des eaux us\u00e9es, individuellement pour chaque secteur d&rsquo;activit\u00e9.<\/p>\n<p>Nous employons un personnel sp\u00e9cialis\u00e9 exceptionnel et disposons d&rsquo;un savoir-faire technique de longue date pour la transformation et l&rsquo;optimisation des groupes de d\u00e9shydratation utilis\u00e9s par le client.[\/vc_column_text][\/vc_column][vc_column width=\u00a0\u00bb7\/12&Prime;]<div class=\"vcex-spacing wpex-w-100 wpex-clear\" style=\"height:40px;\"><\/div>[vc_single_image image=\u00a0\u00bb4806&Prime;][\/vc_column][\/vc_row][vc_row][vc_column][vc_empty_space height=\u00a0\u00bb40px\u00a0\u00bb][\/vc_column][\/vc_row][vc_row][vc_column]<style>.vcex-portfolio-grid-wrap.vcex_69f0ce24f371b .entry-title{color:#000000;font-size:15px;line-height:24px;font-weight:700;}<\/style><div class=\"vcex-module vcex-portfolio-grid-wrap wpex-clr vcex_69f0ce24f371b\"><div class=\"wpex-row vcex-portfolio-grid wpex-clr entries\"><div class=\"portfolio-entry vcex-grid-item entry-has-details span_1_of_2 col col-1 entry post-5142 type-portfolio has-media cat-66\"><div class=\"portfolio-entry-inner entry-inner wpex-first-mt-0 wpex-last-mb-0 wpex-clr\"><div class=\"portfolio-entry-media entry-media wpex-relative\"><img width=\"800\" height=\"600\" src=\"https:\/\/www.reiflock.de\/wp-content\/uploads\/2015\/11\/beitragsbild_kommunen.jpg\" class=\"portfolio-entry-img wpex-align-middle\" alt=\"\" loading=\"lazy\" decoding=\"async\" srcset=\"https:\/\/www.reiflock.de\/wp-content\/uploads\/2015\/11\/beitragsbild_kommunen.jpg 800w, https:\/\/www.reiflock.de\/wp-content\/uploads\/2015\/11\/beitragsbild_kommunen-600x450.jpg 600w, https:\/\/www.reiflock.de\/wp-content\/uploads\/2015\/11\/beitragsbild_kommunen-300x225.jpg 300w, https:\/\/www.reiflock.de\/wp-content\/uploads\/2015\/11\/beitragsbild_kommunen-675x505.jpg 675w\" sizes=\"auto, (max-width: 800px) 100vw, 800px\" \/><\/div><div class=\"portfolio-entry-details entry-details wpex-boxed wpex-first-mt-0 wpex-last-mb-0 wpex-clr\"><div class=\"portfolio-entry-title entry-title wpex-mb-5 wpex-child-inherit-color\">Solutions pour l&rsquo;industrie<\/div><div class=\"portfolio-entry-excerpt entry-excerpt wpex-my-15 wpex-text-pretty wpex-last-mb-0 wpex-clr\"><p>La production industrielle g\u00e9n\u00e8re souvent des eaux us\u00e9es contamin\u00e9es. Afin de les traiter de mani\u00e8re optimale et de les \u00e9liminer de la fa\u00e7on la plus \u00e9conomique possible, nous proposons une gamme compl\u00e8te de produits ainsi que des solutions sur mesure, notamment pour les secteurs de la chimie, de la pharmacie et des cosm\u00e9tiques, de l'industrie papeti\u00e8re ou encore de la construction de tunnels et de routes.<\/p><\/div><\/div><\/div><\/div><div class=\"portfolio-entry vcex-grid-item entry-has-details span_1_of_2 col col-2 entry post-5137 type-portfolio has-media cat-66\"><div class=\"portfolio-entry-inner entry-inner wpex-first-mt-0 wpex-last-mb-0 wpex-clr\"><div class=\"portfolio-entry-media entry-media wpex-relative\"><img width=\"800\" height=\"600\" src=\"https:\/\/www.reiflock.de\/wp-content\/uploads\/2015\/11\/kommunale-klaeranlagen_v2.jpg\" class=\"portfolio-entry-img wpex-align-middle\" alt=\"\" loading=\"lazy\" decoding=\"async\" srcset=\"https:\/\/www.reiflock.de\/wp-content\/uploads\/2015\/11\/kommunale-klaeranlagen_v2.jpg 800w, https:\/\/www.reiflock.de\/wp-content\/uploads\/2015\/11\/kommunale-klaeranlagen_v2-600x450.jpg 600w, https:\/\/www.reiflock.de\/wp-content\/uploads\/2015\/11\/kommunale-klaeranlagen_v2-300x225.jpg 300w, https:\/\/www.reiflock.de\/wp-content\/uploads\/2015\/11\/kommunale-klaeranlagen_v2-675x505.jpg 675w\" sizes=\"auto, (max-width: 800px) 100vw, 800px\" \/><\/div><div class=\"portfolio-entry-details entry-details wpex-boxed wpex-first-mt-0 wpex-last-mb-0 wpex-clr\"><div class=\"portfolio-entry-title entry-title wpex-mb-5 wpex-child-inherit-color\">Stations d&rsquo;\u00e9puration municipales<\/div><div class=\"portfolio-entry-excerpt entry-excerpt wpex-my-15 wpex-text-pretty wpex-last-mb-0 wpex-clr\"><p>Les boues issues du traitement des eaux us\u00e9es sont trait\u00e9es plus efficacement gr\u00e2ce \u00e0 la gamme de produits REIFLOCK, compos\u00e9e d'agents floculants polym\u00e8res hautement performants. Nous sommes vos sp\u00e9cialistes en mati\u00e8re d'\u00e9paississement, de d\u00e9shydratation, de s\u00e9dimentation et de flottation.<\/p><\/div><\/div><\/div><\/div><\/div><\/div>[\/vc_column][\/vc_row][vc_row][vc_column][vc_empty_space][vc_custom_heading text=\u00a0\u00bbNotre expertise dans le domaine du traitement des eaux us\u00e9es et des boues offre depuis des ann\u00e9es des solutions \u00e9conomiques, efficaces et optimis\u00e9es aux industries et aux municipalit\u00e9s en Allemagne et en Autriche.\u00a0\u00bb font_container=\u00a0\u00bbtag:h2|font_size:18|text_align:center|color:%23014c9b|line_height:1%2C4&Prime; google_fonts=\u00a0\u00bbfont_family:Open%20Sans%3A300%2C300italic%2Cregular%2Citalic%2C600%2C600italic%2C700%2C700italic%2C800%2C800italic|font_style:600%20bold%20regular%3A600%3Anormal\u00a0\u00bb][\/vc_column][\/vc_row][vc_row css=\u00a0\u00bb.vc_custom_1447938029629{background-color: #014c9b !important;}\u00a0\u00bb][vc_column width=\u00a0\u00bb2\/3&Prime; css=\u00a0\u00bb.vc_custom_1447944016239{margin-bottom: -10px !important;padding-left: 20px !important;}\u00a0\u00bb][vc_empty_space height=\u00a0\u00bb22px\u00a0\u00bb]<style>.vcex-heading.vcex_69f0ce25036f4{color:#ffffff;}<\/style><h2 class=\"vcex-heading vcex-heading-plain vcex-module wpex-heading wpex-text-2xl vcex_69f0ce25036f4\"><span class=\"vcex-heading-inner wpex-inline-block\">Nos services pour vous<\/span><\/h2>[vc_column_text el_class=\u00a0\u00bbhellblau\u00a0\u00bb]Un conseil de proximit\u00e9, une gamme compl\u00e8te de floculants polym\u00e8res et des solutions techniques innovantes avec des techniques de traitement d\u00e9velopp\u00e9es en interne.[\/vc_column_text][\/vc_column][vc_column width=\u00a0\u00bb1\/3&Prime;][vc_empty_space height=\u00a0\u00bb42px\u00a0\u00bb]<style>.vcex-button.vcex_69f0ce250498b{background:#eb113a;color:#ffffff!important;padding:7px 25px 7px 25px;font-size:16px;font-weight:700;text-transform:uppercase;}.vcex-button.vcex_69f0ce250498b:hover{background:#ea546f!important;color:#ffffff!important;}<\/style><div class=\"theme-button-wrap textcenter wpex-clr\"><a href=\"https:\/\/www.reiflock.de\/fr\/contact\/\" class=\"vcex-button theme-button graphical align-center inline vcex_69f0ce250498b\" title=\"Contact\"><span class=\"vcex-button-inner theme-button-inner wpex-flex wpex-flex-wrap wpex-items-center wpex-justify-center\">Prendre contact<\/span><\/a><\/div> [\/vc_column][\/vc_row][vc_row][vc_column][vc_empty_space][\/vc_column][\/vc_row]\n<\/div>","protected":false},"excerpt":{"rendered":"<p>[vc_row][vc_column][vc_empty_space height=\u00a0\u00bb40px\u00a0\u00bb][\/vc_column][\/vc_row][vc_row][vc_column width=\u00a0\u00bb5\/12&Prime;][vc_empty_space height=\u00a0\u00bb20px\u00a0\u00bb][vc_column_text]Il n&rsquo;existe malheureusement pas \u00ab\u00a0une seule solution\u00a0\u00bb qui puisse r\u00e9pondre simultan\u00e9ment \u00e0 toutes les exigences sp\u00e9cifiques et \u00e0 tous les secteurs d&rsquo;activit\u00e9. Des solutions individuelles et efficaces n\u00e9cessitent donc des analyses approfondies et des valeurs empiriques lors de l&rsquo;utilisation de floculants polym\u00e8res appropri\u00e9s en combinaison avec la technique de proc\u00e9d\u00e9 ad\u00e9quate. Nos&hellip;<\/p>\n","protected":false},"author":4,"featured_media":0,"parent":0,"menu_order":0,"comment_status":"closed","ping_status":"closed","template":"","meta":{"footnotes":""},"class_list":["post-4797","page","type-page","status-publish","hentry","entry","has-media"],"_links":{"self":[{"href":"https:\/\/www.reiflock.de\/fr\/wp-json\/wp\/v2\/pages\/4797","targetHints":{"allow":["GET"]}}],"collection":[{"href":"https:\/\/www.reiflock.de\/fr\/wp-json\/wp\/v2\/pages"}],"about":[{"href":"https:\/\/www.reiflock.de\/fr\/wp-json\/wp\/v2\/types\/page"}],"author":[{"embeddable":true,"href":"https:\/\/www.reiflock.de\/fr\/wp-json\/wp\/v2\/users\/4"}],"replies":[{"embeddable":true,"href":"https:\/\/www.reiflock.de\/fr\/wp-json\/wp\/v2\/comments?post=4797"}],"version-history":[{"count":12,"href":"https:\/\/www.reiflock.de\/fr\/wp-json\/wp\/v2\/pages\/4797\/revisions"}],"predecessor-version":[{"id":5236,"href":"https:\/\/www.reiflock.de\/fr\/wp-json\/wp\/v2\/pages\/4797\/revisions\/5236"}],"wp:attachment":[{"href":"https:\/\/www.reiflock.de\/fr\/wp-json\/wp\/v2\/media?parent=4797"}],"curies":[{"name":"wp","href":"https:\/\/api.w.org\/{rel}","templated":true}]}}