{"id":4777,"date":"2015-11-18T08:17:50","date_gmt":"2015-11-18T07:17:50","guid":{"rendered":"https:\/\/www.reiflock.de\/services\/"},"modified":"2026-03-17T12:20:16","modified_gmt":"2026-03-17T11:20:16","slug":"services","status":"publish","type":"page","link":"https:\/\/www.reiflock.de\/fr\/services\/","title":{"rendered":"Services"},"content":{"rendered":"<div class=\"wpb-content-wrapper\">[vc_row][vc_column][vc_custom_heading text=\u00a0\u00bbREIFLOCK GmbH propose une gamme compl\u00e8te de produits pour le traitement chimique et physico-chimique des eaux us\u00e9es pour les stations d&rsquo;\u00e9puration municipales et industrielles.\u00a0\u00bb font_container=\u00a0\u00bbtag:h2|font_size:18|text_align:center|color:%23014c9b|line_height:1.4&Prime; google_fonts=\u00a0\u00bbfont_family:Open%20Sans%3A300%2C300italic%2Cregular%2Citalic%2C600%2C600italic%2C700%2C700italic%2C800%2C800italic|font_style:400%20regular%3A400%3Anormal\u00a0\u00bb]<div class=\"vcex-spacing wpex-w-100 wpex-clear\" style=\"height:15px;\"><\/div>[\/vc_column][\/vc_row][vc_row][vc_column width=\u00a0\u00bb1\/3&Prime;][vc_custom_heading text=\u00a0\u00bbServices\u00a0\u00bb use_theme_fonts=\u00a0\u00bbyes\u00a0\u00bb css=\u00a0\u00bb.vc_custom_1466776270701{margin-top: 0px !important;}\u00a0\u00bb][vc_single_image image=\u00a0\u00bb4782&Prime; onclick=\u00a0\u00bbcustom_link\u00a0\u00bb link=\u00a0\u00bbhttps:\/\/www.reiflock.de\/fr\/notre-equipe\/\u00a0\u00bb][vc_column_text]Pour obtenir des r\u00e9sultats optimaux dans le traitement des eaux us\u00e9es et des boues, il est tr\u00e8s important de conna\u00eetre la composition exacte. Nous proposons donc \u00e0 nos clients une analyse d\u00e9taill\u00e9e incluant des essais en laboratoire et des essais op\u00e9rationnels sur site afin de fournir la meilleure composition possible de floculants polym\u00e8res pour votre pollution sp\u00e9cifique.[\/vc_column_text][vc_empty_space height=\u00a0\u00bb22px\u00a0\u00bb][vc_column_text]Contactez <a href=\"https:\/\/www.reiflock.de\/fr\/notre-equipe\/\">votre interlocuteur <\/a>[\/vc_column_text][\/vc_column][vc_column width=\u00a0\u00bb1\/3&Prime;][vc_custom_heading text=\u00a0\u00bbFloculants polym\u00e8res\u00a0\u00bb use_theme_fonts=\u00a0\u00bbyes\u00a0\u00bb css=\u00a0\u00bb.vc_custom_1469106781427{margin-top: 0px !important;}\u00a0\u00bb][vc_single_image image=\u00a0\u00bb4632&Prime; onclick=\u00a0\u00bbcustom_link\u00a0\u00bb link=\u00a0\u00bbhttps:\/\/www.reiflock.de\/fr\/produits-chimiques\/\u00a0\u00bb][vc_column_text]Nous disposons d&rsquo;un grand nombre de floculants polym\u00e8res diff\u00e9rents, en poudre et sous forme liquide &#8211; des produits non ioniques, anioniques et cationiques, avec diff\u00e9rentes densit\u00e9s de charge, diff\u00e9rents poids mol\u00e9culaires et diff\u00e9rentes structures, de lin\u00e9aire \u00e0 enti\u00e8rement r\u00e9ticul\u00e9. Nous trouvons ainsi la floculation optimale pour chaque probl\u00e8me sp\u00e9cifique. En fonction des besoins et des applications, des produits sont fabriqu\u00e9s selon nos sp\u00e9cifications. Nous pouvons \u00e9galement faire fabriquer des produits selon les exigences sp\u00e9cifiques du client.[\/vc_column_text][vc_empty_space height=\u00a0\u00bb22px\u00a0\u00bb][vc_column_text]<a href=\"https:\/\/www.reiflock.de\/fr\/produits-chimiques\/\">Vers les floculants polym\u00e8res<\/a>[\/vc_column_text][\/vc_column][vc_column width=\u00a0\u00bb1\/3&Prime;][vc_custom_heading text=\u00a0\u00bbProgramme technique\u00a0\u00bb use_theme_fonts=\u00a0\u00bbyes\u00a0\u00bb css=\u00a0\u00bb.vc_custom_1466776251398{margin-top: 0px !important;}\u00a0\u00bb][vc_single_image image=\u00a0\u00bb4783&Prime; onclick=\u00a0\u00bbcustom_link\u00a0\u00bb link=\u00a0\u00bbhttps:\/\/www.reiflock.de\/fr\/programme-technique\/\u00a0\u00bb][vc_empty_space height=\u00a0\u00bb13px\u00a0\u00bb][vc_column_text]La solution technique est apport\u00e9e par nos produits innovants qui utilisent des techniques de traitement d\u00e9velopp\u00e9es en interne pour optimiser le traitement des eaux us\u00e9es. Des solutions personnalis\u00e9es, adapt\u00e9es aux techniques de dissolution et de dosage pour obtenir les meilleurs r\u00e9sultats possibles, sans oublier l&rsquo;aspect \u00e9conomique.[\/vc_column_text][vc_empty_space height=\u00a0\u00bb22px\u00a0\u00bb][vc_column_text]<a href=\"https:\/\/www.reiflock.de\/fr\/programme-technique\/\">Vers le programme technique<\/a>[\/vc_column_text][\/vc_column][\/vc_row][vc_row equal_height=\u00a0\u00bbyes\u00a0\u00bb remove_bottom_col_margin=\u00a0\u00bbtrue\u00a0\u00bb css=\u00a0\u00bb.vc_custom_1773744593319{background-color: #014c9b !important;}\u00a0\u00bb][vc_column width=\u00a0\u00bb2\/3&Prime; css=\u00a0\u00bb.vc_custom_1773744337404{margin-bottom: 0px !important;padding-bottom: 20px !important;padding-left: 20px !important;}\u00a0\u00bb][vc_empty_space height=\u00a0\u00bb22px\u00a0\u00bb]<style>.vcex-heading.vcex_69f0cce24268e{color:#ffffff;}<\/style><h2 class=\"vcex-heading vcex-heading-plain vcex-module wpex-heading wpex-text-2xl vcex_69f0cce24268e\"><span class=\"vcex-heading-inner wpex-inline-block\">Nos services pour vous<\/span><\/h2>[vc_column_text el_class=\u00a0\u00bbhellblau\u00a0\u00bb]Conseil et formation, pr\u00e9l\u00e8vement d&rsquo;\u00e9chantillons et analyses, essais en laboratoire et en usine sur site, optimisation des processus et des installations, ainsi que des produits chimiques et des consommables.[\/vc_column_text][\/vc_column][vc_column width=\u00a0\u00bb1\/3&Prime;][vc_empty_space height=\u00a0\u00bb52px\u00a0\u00bb]<style>.vcex-button.vcex_69f0cce243dd4{background:#eb113a;color:#ffffff!important;padding:7px 25px 7px 25px;font-size:16px;font-weight:700;text-transform:uppercase;}.vcex-button.vcex_69f0cce243dd4:hover{background:#ea546f!important;color:#ffffff!important;}<\/style><div class=\"theme-button-wrap textcenter wpex-clr\"><a href=\"https:\/\/www.reiflock.de\/fr\/contact\/\" class=\"vcex-button theme-button graphical align-center inline vcex_69f0cce243dd4\" title=\"Contact\"><span class=\"vcex-button-inner theme-button-inner wpex-flex wpex-flex-wrap wpex-items-center wpex-justify-center\">Prendre contact<\/span><\/a><\/div> [\/vc_column][\/vc_row][vc_row][vc_column][vc_single_image image=\u00a0\u00bb4784&Prime;][\/vc_column][\/vc_row]\n<\/div>","protected":false},"excerpt":{"rendered":"<p>[vc_row][vc_column][vc_custom_heading text=\u00a0\u00bbREIFLOCK GmbH propose une gamme compl\u00e8te de produits pour le traitement chimique et physico-chimique des eaux us\u00e9es pour les stations d&rsquo;\u00e9puration municipales et industrielles.\u00a0\u00bb font_container=\u00a0\u00bbtag:h2|font_size:18|text_align:center|color:%23014c9b|line_height:1.4&Prime; google_fonts=\u00a0\u00bbfont_family:Open%20Sans%3A300%2C300italic%2Cregular%2Citalic%2C600%2C600italic%2C700%2C700italic%2C800%2C800italic|font_style:400%20regular%3A400%3Anormal\u00a0\u00bb][\/vc_column][\/vc_row][vc_row][vc_column width=\u00a0\u00bb1\/3&Prime;][vc_custom_heading text=\u00a0\u00bbServices\u00a0\u00bb use_theme_fonts=\u00a0\u00bbyes\u00a0\u00bb css=\u00a0\u00bb.vc_custom_1466776270701{margin-top: 0px !important;}\u00a0\u00bb][vc_single_image image=\u00a0\u00bb4782&Prime; onclick=\u00a0\u00bbcustom_link\u00a0\u00bb link=\u00a0\u00bbhttps:\/\/www.reiflock.de\/fr\/notre-equipe\/\u00a0\u00bb][vc_column_text]Pour obtenir des r\u00e9sultats optimaux dans le traitement des eaux us\u00e9es et des boues, il est tr\u00e8s important de conna\u00eetre&hellip;<\/p>\n","protected":false},"author":4,"featured_media":0,"parent":0,"menu_order":0,"comment_status":"closed","ping_status":"closed","template":"","meta":{"footnotes":""},"class_list":["post-4777","page","type-page","status-publish","hentry","entry","no-media"],"_links":{"self":[{"href":"https:\/\/www.reiflock.de\/fr\/wp-json\/wp\/v2\/pages\/4777","targetHints":{"allow":["GET"]}}],"collection":[{"href":"https:\/\/www.reiflock.de\/fr\/wp-json\/wp\/v2\/pages"}],"about":[{"href":"https:\/\/www.reiflock.de\/fr\/wp-json\/wp\/v2\/types\/page"}],"author":[{"embeddable":true,"href":"https:\/\/www.reiflock.de\/fr\/wp-json\/wp\/v2\/users\/4"}],"replies":[{"embeddable":true,"href":"https:\/\/www.reiflock.de\/fr\/wp-json\/wp\/v2\/comments?post=4777"}],"version-history":[{"count":14,"href":"https:\/\/www.reiflock.de\/fr\/wp-json\/wp\/v2\/pages\/4777\/revisions"}],"predecessor-version":[{"id":5237,"href":"https:\/\/www.reiflock.de\/fr\/wp-json\/wp\/v2\/pages\/4777\/revisions\/5237"}],"wp:attachment":[{"href":"https:\/\/www.reiflock.de\/fr\/wp-json\/wp\/v2\/media?parent=4777"}],"curies":[{"name":"wp","href":"https:\/\/api.w.org\/{rel}","templated":true}]}}