{"id":4762,"date":"2018-05-30T08:29:36","date_gmt":"2018-05-30T06:29:36","guid":{"rendered":"https:\/\/www.reiflock.de\/declaration-de-confidentialite\/"},"modified":"2026-03-05T17:23:16","modified_gmt":"2026-03-05T16:23:16","slug":"declaration-de-confidentialite","status":"publish","type":"page","link":"https:\/\/www.reiflock.de\/fr\/declaration-de-confidentialite\/","title":{"rendered":"D\u00e9claration de confidentialit\u00e9"},"content":{"rendered":"<div class=\"wpb-content-wrapper\">[vc_row][vc_column][vc_column_text]<span style=\"font-size: 21px;\"><strong>1. indications g\u00e9n\u00e9rales et informations obligatoires<\/strong><\/span><br \/>\n<strong>Protection des donn\u00e9es<\/strong><\/p>\n<p>Les op\u00e9rateurs de ces pages prennent la protection de vos donn\u00e9es personnelles tr\u00e8s au s\u00e9rieux. Nous traitons vos donn\u00e9es personnelles de mani\u00e8re confidentielle et conform\u00e9ment aux dispositions l\u00e9gales en mati\u00e8re de protection des donn\u00e9es et \u00e0 la pr\u00e9sente d\u00e9claration de confidentialit\u00e9. <\/p>\n<p>Lorsque vous utilisez ce site web, diverses donn\u00e9es personnelles sont collect\u00e9es. Les donn\u00e9es personnelles sont des donn\u00e9es qui permettent de vous identifier personnellement. La pr\u00e9sente d\u00e9claration de confidentialit\u00e9 explique quelles donn\u00e9es nous collectons et \u00e0 quelles fins nous les utilisons. Elle explique \u00e9galement comment et dans quel but nous le faisons.   <\/p>\n<p>Nous attirons votre attention sur le fait que la transmission de donn\u00e9es sur Internet (par ex. lors de la communication par e-mail) peut pr\u00e9senter des failles de s\u00e9curit\u00e9. Une protection compl\u00e8te des donn\u00e9es contre l&rsquo;acc\u00e8s par des tiers n&rsquo;est pas possible. <\/p>\n<p><strong>Note sur l&rsquo;entit\u00e9 responsable<\/strong><\/p>\n<p>Le responsable du traitement des donn\u00e9es sur ce site est :<\/p>\n<p>REIFLOCK Abwassertechnik GmbH<br \/>\nBertha-Benz-Stra\u00dfe 7<br \/>\nD-76532 Baden-Baden<\/p>\n<p>T\u00e9l\u00e9phone : +49 (0)7221 91500<br \/>\nE-mail : <a href=\"mailto:datenschutz@reiflock.de\" target=\"_blank\" rel=\"noopener\">datenschutz@reiflock.de<\/a><\/p>\n<p>Le responsable du traitement est la personne physique ou morale qui, seule ou conjointement avec d&rsquo;autres, d\u00e9termine les finalit\u00e9s et les moyens du traitement des donn\u00e9es \u00e0 caract\u00e8re personnel (par exemple, les noms, les adresses \u00e9lectroniques ou autres).<\/p>\n<p><strong>R\u00e9vocation de votre consentement au traitement des donn\u00e9es<\/strong><\/p>\n<p>De nombreuses op\u00e9rations de traitement des donn\u00e9es ne sont possibles qu&rsquo;avec votre consentement explicite. Vous pouvez r\u00e9voquer \u00e0 tout moment un consentement d\u00e9j\u00e0 donn\u00e9. Il suffit pour cela de nous envoyer un message informel par e-mail. La l\u00e9galit\u00e9 du traitement des donn\u00e9es effectu\u00e9 jusqu&rsquo;\u00e0 la r\u00e9vocation n&rsquo;est pas affect\u00e9e par la r\u00e9vocation.   <\/p>\n<p><strong>Droit de recours aupr\u00e8s de l&rsquo;autorit\u00e9 de contr\u00f4le comp\u00e9tente<\/strong><\/p>\n<p>En cas d&rsquo;infraction \u00e0 la l\u00e9gislation sur la protection des donn\u00e9es, la personne concern\u00e9e dispose d&rsquo;un droit de recours aupr\u00e8s de l&rsquo;autorit\u00e9 de surveillance comp\u00e9tente. L&rsquo;autorit\u00e9 de surveillance comp\u00e9tente pour les questions relatives \u00e0 la protection des donn\u00e9es est le d\u00e9l\u00e9gu\u00e9 \u00e0 la protection des donn\u00e9es du Land dans lequel notre entreprise a son si\u00e8ge. Une liste des responsables de la protection des donn\u00e9es ainsi que leurs coordonn\u00e9es peuvent \u00eatre consult\u00e9es sur le lien suivant <a href=\"https:\/\/www.bfdi.bund.de\/DE\/Infothek\/Anschriften_Links\/anschriften_links-node.html\">: https:\/\/www.bfdi.bund.de\/DE\/Infothek\/Anschriften_Links\/anschriften_links-node.html.<\/a>  <\/p>\n<p><strong>Droit \u00e0 la portabilit\u00e9 des donn\u00e9es<\/strong><\/p>\n<p>Vous avez le droit de vous faire remettre ou de faire remettre \u00e0 un tiers, dans un format courant et lisible par machine, les donn\u00e9es que nous traitons de mani\u00e8re automatis\u00e9e sur la base de votre consentement ou en ex\u00e9cution d&rsquo;un contrat. Si vous demandez la transmission directe des donn\u00e9es \u00e0 un autre responsable, cela ne se fera que dans la mesure o\u00f9 cela est techniquement possible. <\/p>\n<p><strong>Chiffrement SSL ou TLS<\/strong><\/p>\n<p>Pour des raisons de s\u00e9curit\u00e9 et pour prot\u00e9ger la transmission de contenus confidentiels, tels que les commandes ou les demandes que vous nous envoyez en tant qu&rsquo;exploitant du site, ce site utilise un cryptage SSL ou TLS. Vous pouvez reconna\u00eetre une connexion crypt\u00e9e au fait que la ligne d&rsquo;adresse du navigateur passe de \u00ab\u00a0http:\/\/\u00a0\u00bb \u00e0 \u00ab\u00a0https:\/\/\u00a0\u00bb et au symbole du cadenas dans la ligne de votre navigateur.  <\/p>\n<p>Si le cryptage SSL ou TLS est activ\u00e9, les donn\u00e9es que vous nous transmettez ne peuvent pas \u00eatre lues par des tiers.<\/p>\n<p><strong>Acc\u00e8s, blocage, suppression<\/strong><\/p>\n<p>Dans le cadre des dispositions l\u00e9gales en vigueur, vous avez \u00e0 tout moment le droit d&rsquo;obtenir gratuitement des informations sur vos donn\u00e9es personnelles enregistr\u00e9es, leur origine et leur destinataire ainsi que sur la finalit\u00e9 du traitement des donn\u00e9es et, le cas \u00e9ch\u00e9ant, un droit de rectification, de blocage ou de suppression de ces donn\u00e9es. Pour cela, ainsi que pour toute autre question relative aux donn\u00e9es personnelles, vous pouvez nous contacter \u00e0 tout moment \u00e0 l&rsquo;adresse indiqu\u00e9e dans les mentions l\u00e9gales. <\/p>\n<p><span style=\"font-size: 21px;\"><strong>2. collecte de donn\u00e9es sur notre site web<\/strong><\/span><br \/>\n<strong>Cookies<\/strong><\/p>\n<p>Les pages Internet utilisent en partie des cookies. Les cookies n&rsquo;endommagent pas votre ordinateur et ne contiennent pas de virus. Les cookies servent \u00e0 rendre notre offre plus conviviale, plus efficace et plus s\u00fbre. Les cookies sont de petits fichiers texte qui sont d\u00e9pos\u00e9s sur votre ordinateur et que votre navigateur enregistre.   <\/p>\n<p>La plupart des cookies que nous utilisons sont des \u00ab\u00a0cookies de session\u00a0\u00bb. Ils sont automatiquement supprim\u00e9s \u00e0 la fin de votre visite. D&rsquo;autres cookies restent enregistr\u00e9s sur votre terminal jusqu&rsquo;\u00e0 ce que vous les supprimiez. Ces cookies nous permettent de reconna\u00eetre votre navigateur lors de votre prochaine visite.   <\/p>\n<p>Vous pouvez configurer votre navigateur de mani\u00e8re \u00e0 \u00eatre inform\u00e9 de l&rsquo;installation de cookies et \u00e0 n&rsquo;autoriser les cookies qu&rsquo;au cas par cas, \u00e0 exclure l&rsquo;acceptation des cookies dans certains cas ou de mani\u00e8re g\u00e9n\u00e9rale, et \u00e0 activer la suppression automatique des cookies \u00e0 la fermeture du navigateur. Si vous d\u00e9sactivez les cookies, la fonctionnalit\u00e9 de ce site web peut \u00eatre limit\u00e9e. <\/p>\n<p>Les cookies n\u00e9cessaires \u00e0 l&rsquo;ex\u00e9cution du processus de communication \u00e9lectronique ou \u00e0 la mise \u00e0 disposition de certaines fonctions que vous avez souhait\u00e9es (par ex. fonction de panier d&rsquo;achat) sont enregistr\u00e9s sur la base de l&rsquo;article 6, paragraphe 1, point f du RGPD. L&rsquo;exploitant du site web a un int\u00e9r\u00eat l\u00e9gitime \u00e0 stocker des cookies afin de fournir ses services de mani\u00e8re techniquement correcte et optimis\u00e9e. Dans la mesure o\u00f9 d&rsquo;autres cookies (par exemple des cookies permettant d&rsquo;analyser votre comportement de navigation) sont enregistr\u00e9s, ils sont trait\u00e9s s\u00e9par\u00e9ment dans la pr\u00e9sente d\u00e9claration de protection des donn\u00e9es.    <\/p>\n<span class=\"borlabs-cookie-open-dialog-preferences brlbs-cmpnt-container\" data-borlabs-cookie-title=\"Modifier les cookies\" data-borlabs-cookie-type=\"button\" ><\/span>\n<p>&nbsp;<\/p>\n<p><strong>Fichiers journaux du serveur<\/strong><\/p>\n<p>Le fournisseur des pages collecte et enregistre automatiquement des informations dans ce que l&rsquo;on appelle des fichiers journaux du serveur, que votre navigateur nous transmet automatiquement. Il s&rsquo;agit de <\/p>\n<ul>\n<li>Type et version du navigateur<\/li>\n<li>le syst\u00e8me d&rsquo;exploitation utilis\u00e9<\/li>\n<li>URL de r\u00e9f\u00e9rence<\/li>\n<li>Nom d&rsquo;h\u00f4te de l&rsquo;ordinateur acc\u00e9dant au site<\/li>\n<li>Heure de la demande du serveur<\/li>\n<li>Adresse IP<\/li>\n<\/ul>\n<p>Ces donn\u00e9es ne sont pas recoup\u00e9es avec d&rsquo;autres sources de donn\u00e9es.<\/p>\n<p>La collecte de ces donn\u00e9es est bas\u00e9e sur l&rsquo;article 6, paragraphe 1, point f) du RGPD. L&rsquo;exploitant du site web a un int\u00e9r\u00eat l\u00e9gitime \u00e0 ce que son site web soit pr\u00e9sent\u00e9 sans erreur technique et \u00e0 ce qu&rsquo;il soit optimis\u00e9 &#8211; pour cela, les fichiers journaux du serveur doivent \u00eatre collect\u00e9s.   <\/p>\n<p><strong>Formulaire de contact<\/strong><\/p>\n<p>Si vous nous envoyez des demandes par le biais du formulaire de contact, les informations que vous avez fournies dans le formulaire de demande, y compris les donn\u00e9es de contact que vous y avez indiqu\u00e9es, seront stock\u00e9es chez nous \u00e0 des fins de traitement de la demande et en cas de questions de suivi. Nous ne transmettons pas ces donn\u00e9es sans votre consentement. <\/p>\n<p>Le traitement des donn\u00e9es saisies dans le formulaire de contact se fait donc exclusivement sur la base de votre consentement (article 6, paragraphe 1, point a) du RGPD). Vous pouvez r\u00e9voquer ce consentement \u00e0 tout moment. Pour ce faire, il suffit de nous envoyer un message informel par e-mail. La l\u00e9galit\u00e9 des op\u00e9rations de traitement des donn\u00e9es effectu\u00e9es jusqu&rsquo;\u00e0 la r\u00e9vocation n&rsquo;est pas affect\u00e9e par la r\u00e9vocation.   <\/p>\n<p>Les donn\u00e9es que vous avez saisies dans le formulaire de contact restent chez nous jusqu&rsquo;\u00e0 ce que vous nous demandiez de les supprimer, que vous r\u00e9voquiez votre consentement \u00e0 leur stockage ou que le but du stockage des donn\u00e9es devienne caduc (par exemple, une fois que votre demande a \u00e9t\u00e9 trait\u00e9e). Les dispositions l\u00e9gales obligatoires &#8211; en particulier les d\u00e9lais de conservation &#8211; ne sont pas affect\u00e9es. <\/p>\n<p><span style=\"font-size: 21px;\"><strong>3. plugins et outils<\/strong><\/span><\/p>\n<p><strong>Google Web Fonts<\/strong><\/p>\n<p>Ce site utilise des polices web fournies par Google pour afficher les polices de mani\u00e8re coh\u00e9rente. Lorsque vous consultez une page, votre navigateur charge les polices Web n\u00e9cessaires dans le cache de votre navigateur afin d&rsquo;afficher correctement les textes et les polices. <\/p>\n<p>Pour ce faire, le navigateur que vous utilisez doit se connecter aux serveurs de Google. Cela permet \u00e0 Google de savoir que notre site web a \u00e9t\u00e9 consult\u00e9 via votre adresse IP. L&rsquo;utilisation de Google Web Fonts a lieu dans l&rsquo;int\u00e9r\u00eat d&rsquo;une pr\u00e9sentation uniforme et attrayante de nos offres en ligne. Cela constitue un int\u00e9r\u00eat l\u00e9gitime au sens de l&rsquo;article 6, paragraphe 1, point f) du RGPD.     <\/p>\n<p>Si votre navigateur ne prend pas en charge les polices Web, une police par d\u00e9faut est utilis\u00e9e par votre ordinateur.<\/p>\n<p>Pour plus d&rsquo;informations sur Google Web Fonts, veuillez consulter <a href=\"https:\/\/developers.google.com\/fonts\/faq\">le site https:\/\/developers.google.com\/fonts\/faq<\/a> et la d\u00e9claration de confidentialit\u00e9 de Google <a href=\"https:\/\/www.google.com\/policies\/privacy\/\">: https:\/\/www.google.com\/policies\/privacy\/.<\/a><\/p>\n<p><strong>Google Maps<\/strong><\/p>\n<p>Ce site utilise le service de cartographie Google Maps via une API. Le fournisseur est Google Inc, 1600 Amphitheatre Parkway, Mountain View, CA 94043, \u00c9tats-Unis.<\/p>\n<p>Pour utiliser les fonctions de Google Maps, il est n\u00e9cessaire d&rsquo;enregistrer votre adresse IP. Cette information est g\u00e9n\u00e9ralement transmise \u00e0 un serveur de Google aux \u00c9tats-Unis et y est stock\u00e9e. Le fournisseur de ce site n&rsquo;a aucune influence sur ce transfert de donn\u00e9es.  <\/p>\n<p>L&rsquo;utilisation de Google Maps a lieu dans l&rsquo;int\u00e9r\u00eat d&rsquo;une pr\u00e9sentation attrayante de nos offres en ligne et d&rsquo;un rep\u00e9rage facile des lieux que nous avons indiqu\u00e9s sur le site Web. Cela constitue un int\u00e9r\u00eat l\u00e9gitime au sens de l&rsquo;article 6, paragraphe 1, point f) du RGPD.   <\/p>\n<p>Pour en savoir plus sur le traitement des donn\u00e9es des utilisateurs, consultez la politique de confidentialit\u00e9 de Google <a href=\"https:\/\/www.google.de\/intl\/de\/policies\/privacy\/\">: https:\/\/www.google.de\/intl\/de\/policies\/privacy\/.<\/a>[\/vc_column_text][\/vc_column][\/vc_row]\n<\/div>","protected":false},"excerpt":{"rendered":"<p>[vc_row][vc_column][vc_column_text]1. indications g\u00e9n\u00e9rales et informations obligatoires Protection des donn\u00e9es Les op\u00e9rateurs de ces pages prennent la protection de vos donn\u00e9es personnelles tr\u00e8s au s\u00e9rieux. Nous traitons vos donn\u00e9es personnelles de mani\u00e8re confidentielle et conform\u00e9ment aux dispositions l\u00e9gales en mati\u00e8re de protection des donn\u00e9es et \u00e0 la pr\u00e9sente d\u00e9claration de confidentialit\u00e9. Lorsque vous utilisez ce site&hellip;<\/p>\n","protected":false},"author":4,"featured_media":0,"parent":0,"menu_order":0,"comment_status":"closed","ping_status":"closed","template":"","meta":{"footnotes":""},"class_list":["post-4762","page","type-page","status-publish","hentry","entry","no-media"],"_links":{"self":[{"href":"https:\/\/www.reiflock.de\/fr\/wp-json\/wp\/v2\/pages\/4762","targetHints":{"allow":["GET"]}}],"collection":[{"href":"https:\/\/www.reiflock.de\/fr\/wp-json\/wp\/v2\/pages"}],"about":[{"href":"https:\/\/www.reiflock.de\/fr\/wp-json\/wp\/v2\/types\/page"}],"author":[{"embeddable":true,"href":"https:\/\/www.reiflock.de\/fr\/wp-json\/wp\/v2\/users\/4"}],"replies":[{"embeddable":true,"href":"https:\/\/www.reiflock.de\/fr\/wp-json\/wp\/v2\/comments?post=4762"}],"version-history":[{"count":5,"href":"https:\/\/www.reiflock.de\/fr\/wp-json\/wp\/v2\/pages\/4762\/revisions"}],"predecessor-version":[{"id":4769,"href":"https:\/\/www.reiflock.de\/fr\/wp-json\/wp\/v2\/pages\/4762\/revisions\/4769"}],"wp:attachment":[{"href":"https:\/\/www.reiflock.de\/fr\/wp-json\/wp\/v2\/media?parent=4762"}],"curies":[{"name":"wp","href":"https:\/\/api.w.org\/{rel}","templated":true}]}}