{"id":4724,"date":"2015-11-18T08:18:19","date_gmt":"2015-11-18T07:18:19","guid":{"rendered":"https:\/\/www.reiflock.de\/notre-equipe\/"},"modified":"2026-03-13T11:09:57","modified_gmt":"2026-03-13T10:09:57","slug":"notre-equipe","status":"publish","type":"page","link":"https:\/\/www.reiflock.de\/fr\/notre-equipe\/","title":{"rendered":"Notre \u00e9quipe"},"content":{"rendered":"<div class=\"wpb-content-wrapper\">[vc_row][vc_column][vc_column_text css=\u00a0\u00bb.vc_custom_1452616544236{margin-bottom: 20px !important;}\u00a0\u00bb]\n<h2>Direction g\u00e9n\u00e9rale<\/h2>\n[\/vc_column_text]<div class=\"vcex-module vcex-staff-grid-wrap wpex-clr\"><div class=\"wpex-row vcex-staff-grid entries wpex-clr\"><div class=\"staff-entry vcex-grid-item span_1_of_3 col col-1 entry post-4772 type-staff has-media cat-28\"><div class=\"staff-entry-inner entry-inner wpex-first-mt-0 wpex-last-mb-0 wpex-clr\"><div class=\"staff-entry-details entry-details wpex-first-mt-0 wpex-last-mb-0 wpex-clr\"><h2 class=\"staff-entry-title entry-title wpex-mb-5\" style=\"font-size:15px;\">\u00c9tienne Bolley<\/h2><div class=\"staff-entry-position entry-position wpex-text-sm wpex-text-3 wpex-leading-snug wpex-mb-5\">Direction g\u00e9n\u00e9rale<\/div><div class=\"staff-entry-excerpt entry-excerpt wpex-my-15 wpex-text-pretty wpex-last-mb-0 wpex-clr\"><p>T\u00e9l. : +49 (0)7221 91500 \n<a href=\"mailto:info@reiflock.de\">info@reiflock.de<\/a> \n<\/p><\/div><div class=\"staff-entry-social-links wpex-clr\"><div class=\"staff-social wpex-social-btns wpex-mt-15 wpex-flex wpex-flex-wrap wpex-gap-5\"><\/div><\/div><\/div><\/div><\/div><\/div><\/div>[vc_column_text css=\u00a0\u00bb.vc_custom_1493809856928{margin-bottom: 20px !important;}\u00a0\u00bb]\n<h2>Service interne<\/h2>\n[\/vc_column_text]<div class=\"vcex-module vcex-staff-grid-wrap wpex-clr\"><div class=\"wpex-row vcex-staff-grid entries wpex-clr\"><div class=\"staff-entry vcex-grid-item span_1_of_3 col col-1 entry post-4714 type-staff has-media cat-29\"><div class=\"staff-entry-inner entry-inner wpex-first-mt-0 wpex-last-mb-0 wpex-clr\"><div class=\"staff-entry-details entry-details wpex-first-mt-0 wpex-last-mb-0 wpex-clr\"><h2 class=\"staff-entry-title entry-title wpex-mb-5\" style=\"font-size:15px;\">Arthur Merk<\/h2><div class=\"staff-entry-position entry-position wpex-text-sm wpex-text-3 wpex-leading-snug wpex-mb-5\">Fond\u00e9 de pouvoir\/direction des ressources humaines<\/div><div class=\"staff-entry-excerpt entry-excerpt wpex-my-15 wpex-text-pretty wpex-last-mb-0 wpex-clr\"><p>T\u00e9l. : +49 (0)7221 915024\n<a href=\"mailto:merk@reiflock.de\">merk@reiflock.de<\/a> \n<\/p><\/div><div class=\"staff-entry-social-links wpex-clr\"><div class=\"staff-social wpex-social-btns wpex-mt-15 wpex-flex wpex-flex-wrap wpex-gap-5\"><\/div><\/div><\/div><\/div><\/div><div class=\"staff-entry vcex-grid-item span_1_of_3 col col-2 entry post-4718 type-staff has-media cat-29\"><div class=\"staff-entry-inner entry-inner wpex-first-mt-0 wpex-last-mb-0 wpex-clr\"><div class=\"staff-entry-details entry-details wpex-first-mt-0 wpex-last-mb-0 wpex-clr\"><h2 class=\"staff-entry-title entry-title wpex-mb-5\" style=\"font-size:15px;\">Vanessa Merk<\/h2><div class=\"staff-entry-position entry-position wpex-text-sm wpex-text-3 wpex-leading-snug wpex-mb-5\">Fond\u00e9 de pouvoir\/directeur de bureau<\/div><div class=\"staff-entry-excerpt entry-excerpt wpex-my-15 wpex-text-pretty wpex-last-mb-0 wpex-clr\"><p>T\u00e9l. : +49 (0)7221 915028\n<a href=\"mailto:vanessa.merk@reiflock.de\">vanessa.merk@reiflock.de<\/a> \n<\/p><\/div><div class=\"staff-entry-social-links wpex-clr\"><div class=\"staff-social wpex-social-btns wpex-mt-15 wpex-flex wpex-flex-wrap wpex-gap-5\"><\/div><\/div><\/div><\/div><\/div><div class=\"staff-entry vcex-grid-item span_1_of_3 col col-3 entry post-4767 type-staff has-media cat-29\"><div class=\"staff-entry-inner entry-inner wpex-first-mt-0 wpex-last-mb-0 wpex-clr\"><div class=\"staff-entry-details entry-details wpex-first-mt-0 wpex-last-mb-0 wpex-clr\"><h2 class=\"staff-entry-title entry-title wpex-mb-5\" style=\"font-size:15px;\">Andrea Bengs<\/h2><div class=\"staff-entry-position entry-position wpex-text-sm wpex-text-3 wpex-leading-snug wpex-mb-5\">Traitement des commandes Austria\/Allemagne<\/div><div class=\"staff-entry-excerpt entry-excerpt wpex-my-15 wpex-text-pretty wpex-last-mb-0 wpex-clr\"><p>T\u00e9l. : +49 (0)7221 915032\n<a href=\"mailto:bengs@reiflock.de\">bengs@reiflock.de<\/a> <\/p><\/div><div class=\"staff-entry-social-links wpex-clr\"><div class=\"staff-social wpex-social-btns wpex-mt-15 wpex-flex wpex-flex-wrap wpex-gap-5\"><\/div><\/div><\/div><\/div><\/div><div class=\"staff-entry vcex-grid-item span_1_of_3 col col-1 entry post-4739 type-staff no-media cat-29\"><div class=\"staff-entry-inner entry-inner wpex-first-mt-0 wpex-last-mb-0 wpex-clr\"><div class=\"staff-entry-details entry-details wpex-first-mt-0 wpex-last-mb-0 wpex-clr\"><h2 class=\"staff-entry-title entry-title wpex-mb-5\" style=\"font-size:15px;\">Ute Wipper<\/h2><div class=\"staff-entry-position entry-position wpex-text-sm wpex-text-3 wpex-leading-snug wpex-mb-5\">Traitement des commandes Allemagne<\/div><div class=\"staff-entry-excerpt entry-excerpt wpex-my-15 wpex-text-pretty wpex-last-mb-0 wpex-clr\"><p>T\u00e9l. : +49 (0)7221 915030\n<a href=\"mailto:wipper@reiflock.de\">wipper@reiflock.de<\/a> <\/p><\/div><div class=\"staff-entry-social-links wpex-clr\"><div class=\"staff-social wpex-social-btns wpex-mt-15 wpex-flex wpex-flex-wrap wpex-gap-5\"><\/div><\/div><\/div><\/div><\/div><div class=\"staff-entry vcex-grid-item span_1_of_3 col col-2 entry post-4734 type-staff no-media tag-52 cat-29\"><div class=\"staff-entry-inner entry-inner wpex-first-mt-0 wpex-last-mb-0 wpex-clr\"><div class=\"staff-entry-details entry-details wpex-first-mt-0 wpex-last-mb-0 wpex-clr\"><h2 class=\"staff-entry-title entry-title wpex-mb-5\" style=\"font-size:15px;\">Thomas Merk<\/h2><div class=\"staff-entry-position entry-position wpex-text-sm wpex-text-3 wpex-leading-snug wpex-mb-5\">Chef de projet<\/div><div class=\"staff-entry-excerpt entry-excerpt wpex-my-15 wpex-text-pretty wpex-last-mb-0 wpex-clr\"><p>T\u00e9l. :+49 (0)7221 915034\n<a href=\"mailto:tmerk@reiflock.de\">tmerk@reiflock.de<\/a> <\/p><\/div><div class=\"staff-entry-social-links wpex-clr\"><div class=\"staff-social wpex-social-btns wpex-mt-15 wpex-flex wpex-flex-wrap wpex-gap-5\"><\/div><\/div><\/div><\/div><\/div><div class=\"staff-entry vcex-grid-item span_1_of_3 col col-3 entry post-4730 type-staff no-media cat-29\"><div class=\"staff-entry-inner entry-inner wpex-first-mt-0 wpex-last-mb-0 wpex-clr\"><div class=\"staff-entry-details entry-details wpex-first-mt-0 wpex-last-mb-0 wpex-clr\"><h2 class=\"staff-entry-title entry-title wpex-mb-5\" style=\"font-size:15px;\">Diana Meyer<\/h2><div class=\"staff-entry-position entry-position wpex-text-sm wpex-text-3 wpex-leading-snug wpex-mb-5\">Traitement des commandes Allemagne<\/div><div class=\"staff-entry-excerpt entry-excerpt wpex-my-15 wpex-text-pretty wpex-last-mb-0 wpex-clr\"><p>T\u00e9l. : +49 (0)7221 915020 \n<a href=\"mailto:meyer@reiflock.de\">meyer@reiflock.de<\/a><\/p><\/div><div class=\"staff-entry-social-links wpex-clr\"><div class=\"staff-social wpex-social-btns wpex-mt-15 wpex-flex wpex-flex-wrap wpex-gap-5\"><\/div><\/div><\/div><\/div><\/div><div class=\"staff-entry vcex-grid-item span_1_of_3 col col-1 entry post-4715 type-staff has-media cat-29\"><div class=\"staff-entry-inner entry-inner wpex-first-mt-0 wpex-last-mb-0 wpex-clr\"><div class=\"staff-entry-details entry-details wpex-first-mt-0 wpex-last-mb-0 wpex-clr\"><h2 class=\"staff-entry-title entry-title wpex-mb-5\" style=\"font-size:15px;\">Margit Rieble<\/h2><div class=\"staff-entry-position entry-position wpex-text-sm wpex-text-3 wpex-leading-snug wpex-mb-5\">Administration<\/div><div class=\"staff-entry-excerpt entry-excerpt wpex-my-15 wpex-text-pretty wpex-last-mb-0 wpex-clr\"><p>T\u00e9l. : +49 (0)7221 915021\n<a href=\"mailto:rieble@reiflock.de\">rieble@reiflock.de<\/a> \n<\/p><\/div><div class=\"staff-entry-social-links wpex-clr\"><div class=\"staff-social wpex-social-btns wpex-mt-15 wpex-flex wpex-flex-wrap wpex-gap-5\"><\/div><\/div><\/div><\/div><\/div><div class=\"staff-entry vcex-grid-item span_1_of_3 col col-2 entry post-4753 type-staff no-media cat-29\"><div class=\"staff-entry-inner entry-inner wpex-first-mt-0 wpex-last-mb-0 wpex-clr\"><div class=\"staff-entry-details entry-details wpex-first-mt-0 wpex-last-mb-0 wpex-clr\"><h2 class=\"staff-entry-title entry-title wpex-mb-5\" style=\"font-size:15px;\">Anna-Maria K\u00fchn<\/h2><div class=\"staff-entry-position entry-position wpex-text-sm wpex-text-3 wpex-leading-snug wpex-mb-5\">Technique des installations\/comptabilit\u00e9<\/div><div class=\"staff-entry-excerpt entry-excerpt wpex-my-15 wpex-text-pretty wpex-last-mb-0 wpex-clr\"><p>T\u00e9l. : +49 (0)7221 915031\n<a href=\"mailto:kuehn@reiflock.de\">kuehn@reiflock.de<\/a> <\/p><\/div><div class=\"staff-entry-social-links wpex-clr\"><div class=\"staff-social wpex-social-btns wpex-mt-15 wpex-flex wpex-flex-wrap wpex-gap-5\"><\/div><\/div><\/div><\/div><\/div><\/div><\/div>[vc_column_text css=\u00a0\u00bb.vc_custom_1452616620884{margin-bottom: 20px !important;}\u00a0\u00bb]\n<h2>Collaborateur AD R\u00e9publique f\u00e9d\u00e9rale d&rsquo;Allemagne<\/h2>\n[\/vc_column_text]<div class=\"vcex-module vcex-staff-grid-wrap wpex-clr\"><div class=\"wpex-row vcex-staff-grid entries wpex-clr\"><div class=\"staff-entry vcex-grid-item span_1_of_3 col col-1 entry post-4719 type-staff has-media cat-31\"><div class=\"staff-entry-inner entry-inner wpex-first-mt-0 wpex-last-mb-0 wpex-clr\"><div class=\"staff-entry-details entry-details wpex-first-mt-0 wpex-last-mb-0 wpex-clr\"><h2 class=\"staff-entry-title entry-title wpex-mb-5\" style=\"font-size:15px;\">J\u00f6rg Sch\u00fcller<\/h2><div class=\"staff-entry-position entry-position wpex-text-sm wpex-text-3 wpex-leading-snug wpex-mb-5\">Fond\u00e9 de pouvoir\/directeur r\u00e9gional Nord<\/div><div class=\"staff-entry-excerpt entry-excerpt wpex-my-15 wpex-text-pretty wpex-last-mb-0 wpex-clr\"><p>Ventes eaux us\u00e9es\nMobile : +49 (0)172 2186429 <br>Fax : +49 (0)541 4095161\n<a href=\"mailto:schueller@reiflock.de\">schueller@reiflock.de<\/a> <\/p><\/div><div class=\"staff-entry-social-links wpex-clr\"><div class=\"staff-social wpex-social-btns wpex-mt-15 wpex-flex wpex-flex-wrap wpex-gap-5\"><\/div><\/div><\/div><\/div><\/div><div class=\"staff-entry vcex-grid-item span_1_of_3 col col-2 entry post-4708 type-staff has-media cat-31\"><div class=\"staff-entry-inner entry-inner wpex-first-mt-0 wpex-last-mb-0 wpex-clr\"><div class=\"staff-entry-details entry-details wpex-first-mt-0 wpex-last-mb-0 wpex-clr\"><h2 class=\"staff-entry-title entry-title wpex-mb-5\" style=\"font-size:15px;\">Frank M\u00fcller<\/h2><div class=\"staff-entry-position entry-position wpex-text-sm wpex-text-3 wpex-leading-snug wpex-mb-5\">Directeur r\u00e9gional Nord<\/div><div class=\"staff-entry-excerpt entry-excerpt wpex-my-15 wpex-text-pretty wpex-last-mb-0 wpex-clr\"><p>Ventes eaux us\u00e9es\nMobile : +49 (0)173 2305861 <br>Fax : +49 (0)5042 952888\n<a href=\"mailto:mueller@reiflock.de\">mueller@reiflock.de<\/a> <\/p><\/div><div class=\"staff-entry-social-links wpex-clr\"><div class=\"staff-social wpex-social-btns wpex-mt-15 wpex-flex wpex-flex-wrap wpex-gap-5\"><\/div><\/div><\/div><\/div><\/div><div class=\"staff-entry vcex-grid-item span_1_of_3 col col-3 entry post-4774 type-staff has-media cat-31\"><div class=\"staff-entry-inner entry-inner wpex-first-mt-0 wpex-last-mb-0 wpex-clr\"><div class=\"staff-entry-details entry-details wpex-first-mt-0 wpex-last-mb-0 wpex-clr\"><h2 class=\"staff-entry-title entry-title wpex-mb-5\" style=\"font-size:15px;\">Patrick K\u00f6nig<\/h2><div class=\"staff-entry-position entry-position wpex-text-sm wpex-text-3 wpex-leading-snug wpex-mb-5\">Directeur r\u00e9gional Sud<\/div><div class=\"staff-entry-excerpt entry-excerpt wpex-my-15 wpex-text-pretty wpex-last-mb-0 wpex-clr\"><p>Ventes eaux us\u00e9es\nMobile : +49 (0)172 7456545 <br>Fax : +49 (0)7642 924850\n<a href=\"mailto:koenig@reiflock.de\">koenig@reiflock.de<\/a> <\/p><\/div><div class=\"staff-entry-social-links wpex-clr\"><div class=\"staff-social wpex-social-btns wpex-mt-15 wpex-flex wpex-flex-wrap wpex-gap-5\"><\/div><\/div><\/div><\/div><\/div><div class=\"staff-entry vcex-grid-item span_1_of_3 col col-1 entry post-4705 type-staff has-media cat-31\"><div class=\"staff-entry-inner entry-inner wpex-first-mt-0 wpex-last-mb-0 wpex-clr\"><div class=\"staff-entry-details entry-details wpex-first-mt-0 wpex-last-mb-0 wpex-clr\"><h2 class=\"staff-entry-title entry-title wpex-mb-5\" style=\"font-size:15px;\">Falk Klipphahn<\/h2><div class=\"staff-entry-position entry-position wpex-text-sm wpex-text-3 wpex-leading-snug wpex-mb-5\">Directeur technique  <\/div><div class=\"staff-entry-excerpt entry-excerpt wpex-my-15 wpex-text-pretty wpex-last-mb-0 wpex-clr\"><p>Ventes eaux us\u00e9es\nMobile : +49 (0)170 7869753 <br>Fax : +49 (0)7221 61525\n<a href=\"mailto:klipphahn@reiflock.de\">klipphahn@reiflock.de<\/a> <\/p><\/div><div class=\"staff-entry-social-links wpex-clr\"><div class=\"staff-social wpex-social-btns wpex-mt-15 wpex-flex wpex-flex-wrap wpex-gap-5\"><\/div><\/div><\/div><\/div><\/div><div class=\"staff-entry vcex-grid-item span_1_of_3 col col-2 entry post-4750 type-staff no-media cat-31\"><div class=\"staff-entry-inner entry-inner wpex-first-mt-0 wpex-last-mb-0 wpex-clr\"><div class=\"staff-entry-details entry-details wpex-first-mt-0 wpex-last-mb-0 wpex-clr\"><h2 class=\"staff-entry-title entry-title wpex-mb-5\" style=\"font-size:15px;\">Robert Endra\u00df<\/h2><div class=\"staff-entry-position entry-position wpex-text-sm wpex-text-3 wpex-leading-snug wpex-mb-5\">Directeur r\u00e9gional Sud<\/div><div class=\"staff-entry-excerpt entry-excerpt wpex-my-15 wpex-text-pretty wpex-last-mb-0 wpex-clr\"><p>Ventes Eaux us\u00e9es\nMobile : +49 (0)172 7496213 <br>Fax : + 49 (0)7221 61525\n<a href=\"mailto:endrass@reiflock.de\">endrass@reiflock.de<\/a> <\/p><\/div><div class=\"staff-entry-social-links wpex-clr\"><div class=\"staff-social wpex-social-btns wpex-mt-15 wpex-flex wpex-flex-wrap wpex-gap-5\"><\/div><\/div><\/div><\/div><\/div><div class=\"staff-entry vcex-grid-item span_1_of_3 col col-3 entry post-4704 type-staff has-media cat-31\"><div class=\"staff-entry-inner entry-inner wpex-first-mt-0 wpex-last-mb-0 wpex-clr\"><div class=\"staff-entry-details entry-details wpex-first-mt-0 wpex-last-mb-0 wpex-clr\"><h2 class=\"staff-entry-title entry-title wpex-mb-5\" style=\"font-size:15px;\">Armin Lehmann<\/h2><div class=\"staff-entry-position entry-position wpex-text-sm wpex-text-3 wpex-leading-snug wpex-mb-5\">Repr\u00e9sentant commercial<\/div><div class=\"staff-entry-excerpt entry-excerpt wpex-my-15 wpex-text-pretty wpex-last-mb-0 wpex-clr\"><p>Ventes eaux us\u00e9es\nMobile : +49 (0)175 8846101 <br>Fax : +49 (0)7221 61525 \n<a href=\"mailto:lehmann@reiflock.de\">lehmann@reiflock.de<\/a><\/p><\/div><div class=\"staff-entry-social-links wpex-clr\"><div class=\"staff-social wpex-social-btns wpex-mt-15 wpex-flex wpex-flex-wrap wpex-gap-5\"><\/div><\/div><\/div><\/div><\/div><div class=\"staff-entry vcex-grid-item span_1_of_3 col col-1 entry post-4712 type-staff has-media cat-31\"><div class=\"staff-entry-inner entry-inner wpex-first-mt-0 wpex-last-mb-0 wpex-clr\"><div class=\"staff-entry-details entry-details wpex-first-mt-0 wpex-last-mb-0 wpex-clr\"><h2 class=\"staff-entry-title entry-title wpex-mb-5\" style=\"font-size:15px;\">David Wiedemann<\/h2><div class=\"staff-entry-position entry-position wpex-text-sm wpex-text-3 wpex-leading-snug wpex-mb-5\">Repr\u00e9sentant commercial<\/div><div class=\"staff-entry-excerpt entry-excerpt wpex-my-15 wpex-text-pretty wpex-last-mb-0 wpex-clr\"><p>Ventes Eaux us\u00e9es\nMobile : +49 (0)170 8097042 <br>Fax : + 49 (0)7221 61525 <a href=\"mailto:wiedemann@reiflock.de\">wiedemann@reiflock.de<\/a> <\/p><\/div><div class=\"staff-entry-social-links wpex-clr\"><div class=\"staff-social wpex-social-btns wpex-mt-15 wpex-flex wpex-flex-wrap wpex-gap-5\"><\/div><\/div><\/div><\/div><\/div><div class=\"staff-entry vcex-grid-item span_1_of_3 col col-2 entry post-4738 type-staff no-media cat-31\"><div class=\"staff-entry-inner entry-inner wpex-first-mt-0 wpex-last-mb-0 wpex-clr\"><div class=\"staff-entry-details entry-details wpex-first-mt-0 wpex-last-mb-0 wpex-clr\"><h2 class=\"staff-entry-title entry-title wpex-mb-5\" style=\"font-size:15px;\">Marc Koch<\/h2><div class=\"staff-entry-position entry-position wpex-text-sm wpex-text-3 wpex-leading-snug wpex-mb-5\">Travailleur de terrain<\/div><div class=\"staff-entry-excerpt entry-excerpt wpex-my-15 wpex-text-pretty wpex-last-mb-0 wpex-clr\"><p>Ventes Eaux us\u00e9es\nMobile : +49 (0)151 29186429 \nFax : +49 (0)7221 61525 <br><a href=\"mailto:mkoch@reiflock.de\">mkoch@reiflock.de<\/a><\/p><\/div><div class=\"staff-entry-social-links wpex-clr\"><div class=\"staff-social wpex-social-btns wpex-mt-15 wpex-flex wpex-flex-wrap wpex-gap-5\"><\/div><\/div><\/div><\/div><\/div><div class=\"staff-entry vcex-grid-item span_1_of_3 col col-3 entry post-4751 type-staff no-media cat-31\"><div class=\"staff-entry-inner entry-inner wpex-first-mt-0 wpex-last-mb-0 wpex-clr\"><div class=\"staff-entry-details entry-details wpex-first-mt-0 wpex-last-mb-0 wpex-clr\"><h2 class=\"staff-entry-title entry-title wpex-mb-5\" style=\"font-size:15px;\">Sabrina Oberleithner<\/h2><div class=\"staff-entry-position entry-position wpex-text-sm wpex-text-3 wpex-leading-snug wpex-mb-5\">Repr\u00e9sentant commercial<\/div><div class=\"staff-entry-excerpt entry-excerpt wpex-my-15 wpex-text-pretty wpex-last-mb-0 wpex-clr\"><p>Ventes eaux us\u00e9es\nMobile : +49 (0)174 3157713 <br>Fax : + 49 (0)7221 61525\n<a href=\"mailto:oberleithner@reiflock.de\">oberleithner@reiflock.de<\/a> <\/p><\/div><div class=\"staff-entry-social-links wpex-clr\"><div class=\"staff-social wpex-social-btns wpex-mt-15 wpex-flex wpex-flex-wrap wpex-gap-5\"><\/div><\/div><\/div><\/div><\/div><div class=\"staff-entry vcex-grid-item span_1_of_3 col col-1 entry post-4736 type-staff no-media cat-31\"><div class=\"staff-entry-inner entry-inner wpex-first-mt-0 wpex-last-mb-0 wpex-clr\"><div class=\"staff-entry-details entry-details wpex-first-mt-0 wpex-last-mb-0 wpex-clr\"><h2 class=\"staff-entry-title entry-title wpex-mb-5\" style=\"font-size:15px;\">Christian Rankl<\/h2><div class=\"staff-entry-position entry-position wpex-text-sm wpex-text-3 wpex-leading-snug wpex-mb-5\">Directeur des ventes<\/div><div class=\"staff-entry-excerpt entry-excerpt wpex-my-15 wpex-text-pretty wpex-last-mb-0 wpex-clr\"><p>Ventes Eaux us\u00e9es Mobil T\u00e9l. : +49 (0)151 53734196\nFax : +49 (0)7221 61525\n<a href=\"mailto:rankl@reiflock.de\">rankl@reiflock.de<\/a><\/p><\/div><div class=\"staff-entry-social-links wpex-clr\"><div class=\"staff-social wpex-social-btns wpex-mt-15 wpex-flex wpex-flex-wrap wpex-gap-5\"><\/div><\/div><\/div><\/div><\/div><\/div><\/div>[vc_column_text css=\u00a0\u00bb.vc_custom_1452616638083{margin-bottom: 20px !important;}\u00a0\u00bb]\n<h2>Collaborateur AD Austria<\/h2>\n[\/vc_column_text]<div class=\"vcex-module vcex-staff-grid-wrap wpex-clr\"><div class=\"wpex-row vcex-staff-grid entries wpex-clr\"><div class=\"staff-entry vcex-grid-item span_1_of_3 col col-1 entry post-4701 type-staff has-media cat-32\"><div class=\"staff-entry-inner entry-inner wpex-first-mt-0 wpex-last-mb-0 wpex-clr\"><div class=\"staff-entry-details entry-details wpex-first-mt-0 wpex-last-mb-0 wpex-clr\"><h2 class=\"staff-entry-title entry-title wpex-mb-5\" style=\"font-size:15px;\">J\u00fcrgen Hartmann<\/h2><div class=\"staff-entry-position entry-position wpex-text-sm wpex-text-3 wpex-leading-snug wpex-mb-5\">Ing\u00e9nieur des proc\u00e9d\u00e9s <\/div><div class=\"staff-entry-excerpt entry-excerpt wpex-my-15 wpex-text-pretty wpex-last-mb-0 wpex-clr\"><p>Ventes eaux us\u00e9es\nMobile : +43 (0)676 5503637\n<a href=\"mailto:hartmann@reiflock.de\">hartmann@reiflock.de<\/a> <\/p><\/div><div class=\"staff-entry-social-links wpex-clr\"><div class=\"staff-social wpex-social-btns wpex-mt-15 wpex-flex wpex-flex-wrap wpex-gap-5\"><\/div><\/div><\/div><\/div><\/div><div class=\"staff-entry vcex-grid-item span_1_of_3 col col-2 entry post-4745 type-staff has-media cat-32\"><div class=\"staff-entry-inner entry-inner wpex-first-mt-0 wpex-last-mb-0 wpex-clr\"><div class=\"staff-entry-details entry-details wpex-first-mt-0 wpex-last-mb-0 wpex-clr\"><h2 class=\"staff-entry-title entry-title wpex-mb-5\" style=\"font-size:15px;\">Alexander Zikal<\/h2><div class=\"staff-entry-position entry-position wpex-text-sm wpex-text-3 wpex-leading-snug wpex-mb-5\">Ing\u00e9nieur d'application <\/div><div class=\"staff-entry-excerpt entry-excerpt wpex-my-15 wpex-text-pretty wpex-last-mb-0 wpex-clr\"><p>Ventes eaux us\u00e9es\nMobile : +43 (0)676 7766987\n<a href=\"mailto:zikal@reiflock.de\">zikal@reiflock.de<\/a> \n<\/p><\/div><div class=\"staff-entry-social-links wpex-clr\"><div class=\"staff-social wpex-social-btns wpex-mt-15 wpex-flex wpex-flex-wrap wpex-gap-5\"><\/div><\/div><\/div><\/div><\/div><div class=\"staff-entry vcex-grid-item span_1_of_3 col col-3 entry post-4748 type-staff has-media cat-32\"><div class=\"staff-entry-inner entry-inner wpex-first-mt-0 wpex-last-mb-0 wpex-clr\"><div class=\"staff-entry-details entry-details wpex-first-mt-0 wpex-last-mb-0 wpex-clr\"><h2 class=\"staff-entry-title entry-title wpex-mb-5\" style=\"font-size:15px;\">Thomas Moser<\/h2><div class=\"staff-entry-position entry-position wpex-text-sm wpex-text-3 wpex-leading-snug wpex-mb-5\">Repr\u00e9sentant commercial<\/div><div class=\"staff-entry-excerpt entry-excerpt wpex-my-15 wpex-text-pretty wpex-last-mb-0 wpex-clr\"><p>Ventes eaux us\u00e9es\nMobile : +43 (0)676 3242186\n<a href=\"mailto:moser@reiflock.de\">moser@reiflock.de<\/a>\n<\/p><\/div><div class=\"staff-entry-social-links wpex-clr\"><div class=\"staff-social wpex-social-btns wpex-mt-15 wpex-flex wpex-flex-wrap wpex-gap-5\"><\/div><\/div><\/div><\/div><\/div><div class=\"staff-entry vcex-grid-item span_1_of_3 col col-1 entry post-4948 type-staff has-media cat-32 translation_priority-56\"><div class=\"staff-entry-inner entry-inner wpex-first-mt-0 wpex-last-mb-0 wpex-clr\"><div class=\"staff-entry-details entry-details wpex-first-mt-0 wpex-last-mb-0 wpex-clr\"><h2 class=\"staff-entry-title entry-title wpex-mb-5\" style=\"font-size:15px;\">Jetmir Thaqi<\/h2><div class=\"staff-entry-position entry-position wpex-text-sm wpex-text-3 wpex-leading-snug wpex-mb-5\">Repr\u00e9sentant commercial<\/div><div class=\"staff-entry-excerpt entry-excerpt wpex-my-15 wpex-text-pretty wpex-last-mb-0 wpex-clr\"><p>Ventes eaux us\u00e9es\nMobile : +43 (0)676 4257649\n<a href=\"thaqi@reiflock.de\">thaqi@reiflock.de<\/a><\/p><\/div><div class=\"staff-entry-social-links wpex-clr\"><div class=\"staff-social wpex-social-btns wpex-mt-15 wpex-flex wpex-flex-wrap wpex-gap-5\"><\/div><\/div><\/div><\/div><\/div><\/div><\/div>[\/vc_column][\/vc_row]\n<\/div>","protected":false},"excerpt":{"rendered":"<p>[vc_row][vc_column][vc_column_text css=\u00a0\u00bb.vc_custom_1452616544236{margin-bottom: 20px !important;}\u00a0\u00bb] Direction g\u00e9n\u00e9rale [\/vc_column_text][vc_column_text css=\u00a0\u00bb.vc_custom_1493809856928{margin-bottom: 20px !important;}\u00a0\u00bb] Service interne [\/vc_column_text][vc_column_text css=\u00a0\u00bb.vc_custom_1452616620884{margin-bottom: 20px !important;}\u00a0\u00bb] Collaborateur AD R\u00e9publique f\u00e9d\u00e9rale d&rsquo;Allemagne [\/vc_column_text][vc_column_text css=\u00a0\u00bb.vc_custom_1452616638083{margin-bottom: 20px !important;}\u00a0\u00bb] Collaborateur AD Austria [\/vc_column_text][\/vc_column][\/vc_row]<\/p>\n","protected":false},"author":4,"featured_media":0,"parent":0,"menu_order":0,"comment_status":"closed","ping_status":"closed","template":"","meta":{"footnotes":""},"class_list":["post-4724","page","type-page","status-publish","hentry","entry","has-media"],"_links":{"self":[{"href":"https:\/\/www.reiflock.de\/fr\/wp-json\/wp\/v2\/pages\/4724","targetHints":{"allow":["GET"]}}],"collection":[{"href":"https:\/\/www.reiflock.de\/fr\/wp-json\/wp\/v2\/pages"}],"about":[{"href":"https:\/\/www.reiflock.de\/fr\/wp-json\/wp\/v2\/types\/page"}],"author":[{"embeddable":true,"href":"https:\/\/www.reiflock.de\/fr\/wp-json\/wp\/v2\/users\/4"}],"replies":[{"embeddable":true,"href":"https:\/\/www.reiflock.de\/fr\/wp-json\/wp\/v2\/comments?post=4724"}],"version-history":[{"count":8,"href":"https:\/\/www.reiflock.de\/fr\/wp-json\/wp\/v2\/pages\/4724\/revisions"}],"predecessor-version":[{"id":4928,"href":"https:\/\/www.reiflock.de\/fr\/wp-json\/wp\/v2\/pages\/4724\/revisions\/4928"}],"wp:attachment":[{"href":"https:\/\/www.reiflock.de\/fr\/wp-json\/wp\/v2\/media?parent=4724"}],"curies":[{"name":"wp","href":"https:\/\/api.w.org\/{rel}","templated":true}]}}