{"id":4671,"date":"2015-11-18T08:18:41","date_gmt":"2015-11-18T07:18:41","guid":{"rendered":"https:\/\/www.reiflock.de\/mentions-legales\/"},"modified":"2026-03-05T17:21:48","modified_gmt":"2026-03-05T16:21:48","slug":"mentions-legales","status":"publish","type":"page","link":"https:\/\/www.reiflock.de\/fr\/mentions-legales\/","title":{"rendered":"Mentions l\u00e9gales"},"content":{"rendered":"<div class=\"wpb-content-wrapper\">[vc_row][vc_column width=\u00a0\u00bb1\/2&Prime;][vc_column_text]\n<h3>Mentions l\u00e9gales \/ Responsable du contenu :<\/h3>\n<h3>REIFLOCK Abwassertechnik GmbH<\/h3>\n<p>7, rue Bertha-Benz<br \/>\nD-76532 Baden-Baden<br \/>\nCourrier \u00e9lectronique : info@reiflock.de<br \/>\nEnregistr\u00e9 au tribunal d&rsquo;instance de Mannheim &#8211; HR 701731<br \/>\nN\u00b0 de TVA : FR 253136274<br \/>\nDirecteur g\u00e9n\u00e9ral : Etienne Bolley<br \/>\nSi\u00e8ge de la soci\u00e9t\u00e9 : Baden- Baden<\/p>\n<p>Toutes les informations et explications de ces pages Internet sont sans engagement. REIFLOCK Abwassertechnik GmbH ne garantit pas l&rsquo;exactitude et l&rsquo;exhaustivit\u00e9 des contenus. Aucune garantie n&rsquo;est donn\u00e9e et aucune assurance n&rsquo;est donn\u00e9e quant aux propri\u00e9t\u00e9s des produits. Les contenus des pages Internet ne donnent lieu \u00e0 aucun droit. Les erreurs de contenu seront corrig\u00e9es d\u00e8s qu&rsquo;elles seront connues. Les contenus des pages Internet ne peuvent pas \u00eatre actualis\u00e9s en permanence en raison d&rsquo;une mise \u00e0 jour diff\u00e9r\u00e9e. Veuillez donc nous consulter pour conna\u00eetre l&rsquo;\u00e9tat, les d\u00e9tails techniques et la disponibilit\u00e9 des produits et services. Les liens vers d&rsquo;autres sites Internet ne sont pas contr\u00f4l\u00e9s en permanence. Par cons\u00e9quent, nous ne sommes pas responsables du contenu des sites li\u00e9s.[\/vc_column_text][\/vc_column][vc_column width=\u00a0\u00bb1\/2&Prime;][vc_column_text]\n<h3>T\u00e9l\u00e9chargement de donn\u00e9es et de logiciels<\/h3>\n<p>Reiflock Abwassertechnik GmbH ne garantit pas l&rsquo;absence d&rsquo;erreurs dans les donn\u00e9es et les logiciels qui peuvent \u00eatre t\u00e9l\u00e9charg\u00e9s \u00e0 partir des pages Internet. Les logiciels sont contr\u00f4l\u00e9s par Reiflock Abwassertechnik GmbH quant \u00e0 la pr\u00e9sence de virus. Nous vous recommandons toutefois de v\u00e9rifier l&rsquo;absence de virus dans les donn\u00e9es et les logiciels apr\u00e8s les avoir t\u00e9l\u00e9charg\u00e9s \u00e0 l&rsquo;aide du logiciel antivirus le plus r\u00e9cent.  <\/p>\n<h3>Droits d&rsquo;auteur et autres droits de protection sp\u00e9ciaux<\/h3>\n<p>Le contenu de ces pages Internet est prot\u00e9g\u00e9 par les droits d&rsquo;auteur. Une copie des informations contenues dans les pages Internet peut \u00eatre enregistr\u00e9e sur un seul ordinateur pour un usage interne non commercial et personnel. Les graphiques, textes, logos, images, etc. ne peuvent \u00eatre t\u00e9l\u00e9charg\u00e9s, reproduits, copi\u00e9s, modifi\u00e9s, publi\u00e9s, envoy\u00e9s, transmis ou utilis\u00e9s sous une autre forme qu&rsquo;avec l&rsquo;autorisation \u00e9crite de Reiflock Abwassertechnik GmbH. Les noms de produits et de soci\u00e9t\u00e9s cit\u00e9s peuvent \u00eatre des marques d\u00e9pos\u00e9es ou des marques commerciales. Toute utilisation non autoris\u00e9e peut donner lieu \u00e0 des demandes de dommages et int\u00e9r\u00eats et \u00e0 des demandes d&rsquo;injonction.    <\/p>\n<h3>Protection des donn\u00e9es personnelles et confidentialit\u00e9<\/h3>\n<p>Nous ne pouvons pas garantir que les informations ou les donn\u00e9es personnelles qui nous sont transmises ne seront pas \u00ab\u00a0intercept\u00e9es\u00a0\u00bb par des tiers lors de leur transmission.<\/p>\n<h3>Responsabilit\u00e9<\/h3>\n<p>REIFLOCK Abwassertechnik GmbH n&rsquo;est pas responsable des dommages, en particulier des dommages cons\u00e9cutifs directs ou indirects, de la perte de donn\u00e9es, du manque \u00e0 gagner, des pannes de syst\u00e8me ou de production r\u00e9sultant de l&rsquo;utilisation de ces pages Internet ou du t\u00e9l\u00e9chargement de donn\u00e9es. L&rsquo;exclusion de responsabilit\u00e9 ne s&rsquo;applique pas en cas de dommages caus\u00e9s par l&rsquo;utilisation des pages Internet ou le t\u00e9l\u00e9chargement de donn\u00e9es en cas de faute intentionnelle ou de n\u00e9gligence grave. La relation juridique entre vous et REIFLOCK Abwassertechnik GmbH r\u00e9sultant de l&rsquo;utilisation des pages Internet est soumise au droit de la R\u00e9publique f\u00e9d\u00e9rale d&rsquo;Allemagne. En cas de litige avec des commer\u00e7ants de plein droit r\u00e9sultant de l&rsquo;utilisation de ces pages Internet, le tribunal comp\u00e9tent est celui du si\u00e8ge de REIFLOCK Abwassertechnik GmbH \u00e0 Mannheim.[\/vc_column_text][vc_column_text]\n<h3>Cr\u00e9dit photo<\/h3>\n<p>\u00a9 hemerocallis &#8211; Fotolia.com<br \/>\n\u00a9 stockpics &#8211; Fotolia.com<br \/>\n\u00a9 mitev &#8211; Fotolia.com<br \/>\n\u00a9 mariusz szczygie &#8211; Fotolia.com<br \/>\n\u00a9 kolazig &#8211; Fotolia.com<br \/>\n\u00a9 japolia &#8211; Fotolia.com<br \/>\n\u00a9 Taras Livyy &#8211; Fotolia.com<\/p>\n<p>\u00a9 Edgar Wunsch<br \/>\nPhoto d&rsquo;en-t\u00eate \u00ab\u00a0Vague d&rsquo;eau\u00a0\u00bb<br \/>\nPhotos d&rsquo;appareils \u00ab\u00a0REIFOMAT\u00a0\u00bb[\/vc_column_text][\/vc_column][\/vc_row]\n<\/div>","protected":false},"excerpt":{"rendered":"<p>[vc_row][vc_column width=\u00a0\u00bb1\/2&Prime;][vc_column_text] Mentions l\u00e9gales \/ Responsable du contenu : REIFLOCK Abwassertechnik GmbH 7, rue Bertha-Benz D-76532 Baden-Baden Courrier \u00e9lectronique : info@reiflock.de Enregistr\u00e9 au tribunal d&rsquo;instance de Mannheim &#8211; HR 701731 N\u00b0 de TVA : FR 253136274 Directeur g\u00e9n\u00e9ral : Etienne Bolley Si\u00e8ge de la soci\u00e9t\u00e9 : Baden- Baden Toutes les informations et explications de ces&hellip;<\/p>\n","protected":false},"author":4,"featured_media":0,"parent":0,"menu_order":0,"comment_status":"closed","ping_status":"closed","template":"","meta":{"footnotes":""},"class_list":["post-4671","page","type-page","status-publish","hentry","entry","no-media"],"_links":{"self":[{"href":"https:\/\/www.reiflock.de\/fr\/wp-json\/wp\/v2\/pages\/4671","targetHints":{"allow":["GET"]}}],"collection":[{"href":"https:\/\/www.reiflock.de\/fr\/wp-json\/wp\/v2\/pages"}],"about":[{"href":"https:\/\/www.reiflock.de\/fr\/wp-json\/wp\/v2\/types\/page"}],"author":[{"embeddable":true,"href":"https:\/\/www.reiflock.de\/fr\/wp-json\/wp\/v2\/users\/4"}],"replies":[{"embeddable":true,"href":"https:\/\/www.reiflock.de\/fr\/wp-json\/wp\/v2\/comments?post=4671"}],"version-history":[{"count":2,"href":"https:\/\/www.reiflock.de\/fr\/wp-json\/wp\/v2\/pages\/4671\/revisions"}],"predecessor-version":[{"id":4673,"href":"https:\/\/www.reiflock.de\/fr\/wp-json\/wp\/v2\/pages\/4671\/revisions\/4673"}],"wp:attachment":[{"href":"https:\/\/www.reiflock.de\/fr\/wp-json\/wp\/v2\/media?parent=4671"}],"curies":[{"name":"wp","href":"https:\/\/api.w.org\/{rel}","templated":true}]}}