{"id":4657,"date":"2015-11-20T13:49:00","date_gmt":"2015-11-20T12:49:00","guid":{"rendered":"https:\/\/www.reiflock.de\/accueil\/"},"modified":"2026-03-17T11:32:14","modified_gmt":"2026-03-17T10:32:14","slug":"accueil","status":"publish","type":"page","link":"https:\/\/www.reiflock.de\/fr\/","title":{"rendered":"Accueil"},"content":{"rendered":"<div class=\"wpb-content-wrapper\">[vc_row][vc_column][rev_slider_vc alias=\u00a0\u00bbhomeslide\u00a0\u00bb][\/vc_column][\/vc_row][vc_row][vc_column][vc_custom_heading text=\u00a0\u00bbREIFLOCK Abwassertechnik GmbH est aujourd&rsquo;hui l&rsquo;une des entreprises leaders dans le domaine de la chimie des eaux us\u00e9es. Nous sommes \u00e9tablis sur le march\u00e9 depuis des ann\u00e9es gr\u00e2ce \u00e0 des techniques innovantes et \u00e0 une orientation client coh\u00e9rente.\u00a0\u00bb font_container=\u00a0\u00bbtag:h2|font_size:18|text_align:center|color:%23014c9b|line_height:1.4&Prime; google_fonts=\u00a0\u00bbfont_family:Open%20Sans%3A300%2C300italic%2Cregular%2Citalic%2C600%2C600italic%2C700%2C700italic%2C800%2C800italic|font_style:600%20bold%20regular%3A600%3Anormal\u00a0\u00bb]<div class=\"vcex-spacing wpex-w-100 wpex-clear\" style=\"height:20px;\"><\/div>[vc_custom_heading text=\u00a0\u00bbNous proposons une gamme compl\u00e8te de produits chimiques pour le traitement des eaux us\u00e9es et des boues, ainsi que des techniques de traitement d\u00e9velopp\u00e9es en interne.\u00a0\u00bb font_container=\u00a0\u00bbtag:h2|font_size:18|text_align:center|color:%23014c9b|line_height:1.4&Prime; google_fonts=\u00a0\u00bbfont_family:Open%20Sans%3A300%2C300italic%2Cregular%2Citalic%2C600%2C600italic%2C700%2C700italic%2C800%2C800italic|font_style:600%20bold%20regular%3A600%3Anormal\u00a0\u00bb][\/vc_column][\/vc_row][vc_row full_width=\u00a0\u00bbstretch_row\u00a0\u00bb][vc_column width=\u00a0\u00bb1\/3&Prime;][vc_empty_space][vc_single_image image=\u00a0\u00bb4661&Prime; onclick=\u00a0\u00bbcustom_link\u00a0\u00bb link=\u00a0\u00bbhttps:\/\/www.reiflock.de\/fr\/solutions-sectorielles\/\u00a0\u00bb][vc_empty_space]<h2 class=\"vcex-heading vcex-heading-plain vcex-module wpex-heading wpex-text-2xl\"><span class=\"vcex-heading-inner wpex-inline-block\">Solutions sectorielles personnalis\u00e9es<\/span><\/h2>[vc_column_text]Pour les stations d&rsquo;\u00e9puration municipales et industrielles, nous proposons tout ce qu&rsquo;il faut pour le traitement chimique et physico-chimique des eaux us\u00e9es.[\/vc_column_text][vc_column_text el_class=\u00a0\u00bbdunkelblau\u00a0\u00bb]<a href=\"https:\/\/www.reiflock.de\/fr\/solutions-sectorielles\/\">En savoir plus<\/a>[\/vc_column_text][\/vc_column][vc_column width=\u00a0\u00bb1\/3&Prime;][vc_empty_space][vc_single_image image=\u00a0\u00bb4663&Prime; img_size=\u00a0\u00bb209&#215;153&Prime; alignment=\u00a0\u00bbcenter\u00a0\u00bb onclick=\u00a0\u00bbcustom_link\u00a0\u00bb link=\u00a0\u00bbhttps:\/\/www.reiflock.de\/fr\/produits-chimiques\/\u00a0\u00bb][vc_empty_space]<h2 class=\"vcex-heading vcex-heading-plain vcex-module wpex-heading wpex-text-2xl\"><span class=\"vcex-heading-inner wpex-inline-block\">Floculants polym\u00e8res<\/span><\/h2>[vc_column_text]Notre large gamme de floculants polym\u00e8res permet d&rsquo;obtenir une floculation optimale pour chaque type de pollution sp\u00e9cifique.[\/vc_column_text][vc_column_text el_class=\u00a0\u00bbdunkelblau\u00a0\u00bb]<a href=\"https:\/\/www.reiflock.de\/fr\/produits-chimiques\/\">En savoir plus<\/a>[\/vc_column_text][\/vc_column][vc_column width=\u00a0\u00bb1\/3&Prime;][vc_single_image image=\u00a0\u00bb4664&Prime; onclick=\u00a0\u00bbcustom_link\u00a0\u00bb link=\u00a0\u00bbhttps:\/\/www.reiflock.de\/fr\/programme-technique\/\u00a0\u00bb]<h2 class=\"vcex-heading vcex-heading-plain vcex-module wpex-heading wpex-text-2xl\"><span class=\"vcex-heading-inner wpex-inline-block\">Programme technique pour la technique de dissolution et de dosage<\/span><\/h2>[vc_column_text]Syst\u00e8mes avec savoir-faire. Le succ\u00e8s et l&rsquo;efficacit\u00e9 du r\u00e9sultat du traitement des eaux us\u00e9es et des boues d\u00e9pendent de plusieurs facteurs.[\/vc_column_text][vc_column_text el_class=\u00a0\u00bbdunkelblau\u00a0\u00bb]<a href=\"https:\/\/www.reiflock.de\/fr\/programme-technique\/\">En savoir plus<\/a>[\/vc_column_text][\/vc_column][\/vc_row][vc_row css=\u00a0\u00bb.vc_custom_1447938029629{background-color: #014c9b !important;}\u00a0\u00bb][vc_column width=\u00a0\u00bb2\/3&Prime; css=\u00a0\u00bb.vc_custom_1447944016239{margin-bottom: -10px !important;padding-left: 20px !important;}\u00a0\u00bb][vc_empty_space height=\u00a0\u00bb22px\u00a0\u00bb]<style>.vcex-heading.vcex_69f0baf818941{color:#ffffff;}<\/style><h2 class=\"vcex-heading vcex-heading-plain vcex-module wpex-heading wpex-text-2xl vcex_69f0baf818941\"><span class=\"vcex-heading-inner wpex-inline-block\">Nos services pour vous<\/span><\/h2>[vc_column_text el_class=\u00a0\u00bbhellblau\u00a0\u00bb]Conseil et formation, pr\u00e9l\u00e8vements et analyses, essais sur site, optimisation des proc\u00e9d\u00e9s, des installations ainsi que des produits chimiques et consommables\u2026[\/vc_column_text][\/vc_column][vc_column width=\u00a0\u00bb1\/3&Prime;][vc_empty_space height=\u00a0\u00bb42px\u00a0\u00bb]<style>.vcex-button.vcex_69f0baf81a501{background:#eb113a;color:#ffffff!important;padding:7px 25px 7px 25px;font-size:16px;font-weight:700;text-transform:uppercase;}.vcex-button.vcex_69f0baf81a501:hover{background:#ea546f!important;color:#ffffff!important;}<\/style><div class=\"theme-button-wrap textcenter wpex-clr\"><a href=\"https:\/\/www.reiflock.de\/fr\/contact\/\" class=\"vcex-button theme-button graphical align-center inline vcex_69f0baf81a501\" title=\"Formulaire de contact\"><span class=\"vcex-button-inner theme-button-inner wpex-flex wpex-flex-wrap wpex-items-center wpex-justify-center\">Prendre contact<\/span><\/a><\/div> [\/vc_column][\/vc_row][vc_row full_width=\u00a0\u00bbstretch_row\u00a0\u00bb][vc_column][vc_empty_space height=\u00a0\u00bb20px\u00a0\u00bb][\/vc_column][\/vc_row][vc_row full_width=\u00a0\u00bbstretch_row\u00a0\u00bb css=\u00a0\u00bb.vc_custom_1447940866024{background-image: url(https:\/\/www.reiflock.de\/wp-content\/uploads\/2015\/11\/home_bg_produkte.jpg?id=44) !important;background-position: center !important;background-repeat: no-repeat !important;background-size: cover !important;}\u00a0\u00bb][vc_column][vc_empty_space][vc_row_inner][vc_column_inner width=\u00a0\u00bb1\/4&Prime;]<h2 class=\"vcex-heading vcex-heading-plain vcex-module wpex-heading wpex-text-2xl wpex-text-left\"><span class=\"vcex-heading-inner wpex-inline-block\">Actualit\u00e9s<\/span><\/h2>[vc_empty_space height=\u00a0\u00bb15px\u00a0\u00bb]<style>.vcex-button.vcex_69f0baf81e35e{background:#014a99;color:#ffffff!important;padding:7px 25px 7px 25px;font-size:16px;text-transform:uppercase;}.vcex-button.vcex_69f0baf81e35e:hover{background:#205a99!important;color:#ffffff!important;}<\/style><a href=\"https:\/\/www.reiflock.de\/fr\/actualites\/\" class=\"vcex-button theme-button align-left inline vcex_69f0baf81e35e\"><span class=\"vcex-button-inner theme-button-inner wpex-flex wpex-flex-wrap wpex-items-center wpex-justify-center\">Tout afficher<\/span><\/a> [\/vc_column_inner][vc_column_inner width=\u00a0\u00bb3\/4&Prime;]<style class=\"vcex-carousel-preload-css\">.vcex_69f0baf822744{--wpex-carousel-gap:15px;}.vcex_69f0baf822744{--wpex-carousel-columns:1;}.vcex_69f0baf822744.wpex-carousel:not(.wpex-carousel--loaded) > *:not(:nth-child(1n+2)){display: flex !important;}@media only screen and (min-width: 480px) {.vcex_69f0baf822744{--wpex-carousel-columns:2;}.vcex_69f0baf822744.wpex-carousel:not(.wpex-carousel--loaded) > *:not(:nth-child(1n+3)){display: flex !important;}}@media only screen and (min-width: 768px) {.vcex_69f0baf822744{--wpex-carousel-columns:3;}.vcex_69f0baf822744.wpex-carousel:not(.wpex-carousel--loaded) > *:not(:nth-child(1n+4)){display: flex !important;}}@media only screen and (min-width: 960px) {.vcex_69f0baf822744{--wpex-carousel-columns:3;}.vcex_69f0baf822744.wpex-carousel:not(.wpex-carousel--loaded) > *:not(:nth-child(1n+4)){display: flex !important;}}<\/style><div class=\"vcex-blog-carousel wpex-carousel wpex-carousel-blog wpex-clr vcex-module wpex-carousel--render-onload vcex_69f0baf822744 arrwstyle-default arrwpos-default\" data-wpex-carousel=\"{&quot;slideBy&quot;:1,&quot;items&quot;:3,&quot;responsive&quot;:{&quot;0&quot;:{&quot;items&quot;:&quot;1&quot;},&quot;480&quot;:{&quot;items&quot;:&quot;2&quot;},&quot;768&quot;:{&quot;items&quot;:&quot;3&quot;},&quot;960&quot;:{&quot;items&quot;:3}}}\"><div class=\"wpex-carousel-slide has-media\"><div class=\"wpex-carousel-entry-media entry-media wpex-relative\"><a href=\"https:\/\/www.reiflock.de\/fr\/news\/generalites\/nouveau-representant-en-2026\/\" title=\"Nouveau repr\u00e9sentant en 2026\" class=\"wpex-carousel-entry-img\"><img data-no-lazy=\"1\" class=\"wpex-align-middle skip-lazy\" src=\"https:\/\/www.reiflock.de\/wp-content\/uploads\/2016\/06\/Fotolia_109439683_S-center-676x451.jpg\" alt=\"\" srcset=\"https:\/\/www.reiflock.de\/wp-content\/uploads\/2016\/06\/Fotolia_109439683_S-center-676x451.jpg 676w, https:\/\/www.reiflock.de\/wp-content\/uploads\/2016\/06\/Fotolia_109439683_S-600x400.jpg 600w, https:\/\/www.reiflock.de\/wp-content\/uploads\/2016\/06\/Fotolia_109439683_S-300x200.jpg 300w, https:\/\/www.reiflock.de\/wp-content\/uploads\/2016\/06\/Fotolia_109439683_S.jpg 848w\" width=\"676\" height=\"451\"><\/a><\/div><div class=\"wpex-carousel-entry-details entry-details wpex-boxed wpex-first-mt-0 wpex-last-mb-0 wpex-clr\"><div class=\"wpex-carousel-entry-title entry-title wpex-mb-5\"><a href=\"https:\/\/www.reiflock.de\/fr\/news\/generalites\/nouveau-representant-en-2026\/\">Nouveau repr\u00e9sentant en 2026<\/a><\/div><div class=\"wpex-carousel-entry-date vcex-blog-entry-date entry-date wpex-text-sm wpex-text-3 wpex-mb-5\">10\/03\/2026<\/div><div class=\"wpex-carousel-entry-excerpt entry-excerpt wpex-my-15 wpex-text-pretty wpex-last-mb-0 wpex-clr\"><p>Nous renfor\u00e7ons notre force de vente<\/p><\/div><\/div><\/div><div class=\"wpex-carousel-slide has-media\"><div class=\"wpex-carousel-entry-media entry-media wpex-relative\"><a href=\"https:\/\/www.reiflock.de\/fr\/news\/generalites\/nouveau-representant-commercial-en-2025\/\" title=\"Nouveau repr\u00e9sentant commercial en 2025\" class=\"wpex-carousel-entry-img\"><img data-no-lazy=\"1\" class=\"wpex-align-middle skip-lazy\" src=\"https:\/\/www.reiflock.de\/wp-content\/uploads\/2016\/06\/Fotolia_109439683_S-center-676x451.jpg\" alt=\"\" srcset=\"https:\/\/www.reiflock.de\/wp-content\/uploads\/2016\/06\/Fotolia_109439683_S-center-676x451.jpg 676w, https:\/\/www.reiflock.de\/wp-content\/uploads\/2016\/06\/Fotolia_109439683_S-600x400.jpg 600w, https:\/\/www.reiflock.de\/wp-content\/uploads\/2016\/06\/Fotolia_109439683_S-300x200.jpg 300w, https:\/\/www.reiflock.de\/wp-content\/uploads\/2016\/06\/Fotolia_109439683_S.jpg 848w\" width=\"676\" height=\"451\"><\/a><\/div><div class=\"wpex-carousel-entry-details entry-details wpex-boxed wpex-first-mt-0 wpex-last-mb-0 wpex-clr\"><div class=\"wpex-carousel-entry-title entry-title wpex-mb-5\"><a href=\"https:\/\/www.reiflock.de\/fr\/news\/generalites\/nouveau-representant-commercial-en-2025\/\">Nouveau repr\u00e9sentant commercial en 2025<\/a><\/div><div class=\"wpex-carousel-entry-date vcex-blog-entry-date entry-date wpex-text-sm wpex-text-3 wpex-mb-5\">24\/03\/2025<\/div><div class=\"wpex-carousel-entry-excerpt entry-excerpt wpex-my-15 wpex-text-pretty wpex-last-mb-0 wpex-clr\"><p>Nous renfor\u00e7ons notre force de vente<\/p><\/div><\/div><\/div><div class=\"wpex-carousel-slide has-media\"><div class=\"wpex-carousel-entry-media entry-media wpex-relative\"><a href=\"https:\/\/www.reiflock.de\/fr\/news\/generalites\/nouvelle-collaboratrice-du-service-interne-en-2025\/\" title=\"Nouvelle collaboratrice du service interne en 2025\" class=\"wpex-carousel-entry-img\"><img data-no-lazy=\"1\" class=\"wpex-align-middle skip-lazy\" src=\"https:\/\/www.reiflock.de\/wp-content\/uploads\/2016\/06\/Fotolia_109439683_S-center-676x451.jpg\" alt=\"\" srcset=\"https:\/\/www.reiflock.de\/wp-content\/uploads\/2016\/06\/Fotolia_109439683_S-center-676x451.jpg 676w, https:\/\/www.reiflock.de\/wp-content\/uploads\/2016\/06\/Fotolia_109439683_S-600x400.jpg 600w, https:\/\/www.reiflock.de\/wp-content\/uploads\/2016\/06\/Fotolia_109439683_S-300x200.jpg 300w, https:\/\/www.reiflock.de\/wp-content\/uploads\/2016\/06\/Fotolia_109439683_S.jpg 848w\" width=\"676\" height=\"451\"><\/a><\/div><div class=\"wpex-carousel-entry-details entry-details wpex-boxed wpex-first-mt-0 wpex-last-mb-0 wpex-clr\"><div class=\"wpex-carousel-entry-title entry-title wpex-mb-5\"><a href=\"https:\/\/www.reiflock.de\/fr\/news\/generalites\/nouvelle-collaboratrice-du-service-interne-en-2025\/\">Nouvelle collaboratrice du service interne en 2025<\/a><\/div><div class=\"wpex-carousel-entry-date vcex-blog-entry-date entry-date wpex-text-sm wpex-text-3 wpex-mb-5\">13\/01\/2025<\/div><div class=\"wpex-carousel-entry-excerpt entry-excerpt wpex-my-15 wpex-text-pretty wpex-last-mb-0 wpex-clr\"><p>Nous renfor\u00e7ons notre service interne<\/p><\/div><\/div><\/div><div class=\"wpex-carousel-slide has-media\"><div class=\"wpex-carousel-entry-media entry-media wpex-relative\"><a href=\"https:\/\/www.reiflock.de\/fr\/news\/generalites\/audit-iso-90012015-a-nouveau-reussi-reiflock-toujours-certifie-avec-succes\/\" title=\"Audit ISO 9001:2015 \u00e0 nouveau r\u00e9ussi, REIFLOCK toujours certifi\u00e9 avec succ\u00e8s\" class=\"wpex-carousel-entry-img\"><img data-no-lazy=\"1\" class=\"wpex-align-middle skip-lazy\" src=\"https:\/\/www.reiflock.de\/wp-content\/uploads\/2024\/05\/ISO-Deutsch-ab-Mai-2024-2-pdf.jpg\" alt=\"\" width=\"1058\" height=\"1497\"><\/a><\/div><div class=\"wpex-carousel-entry-details entry-details wpex-boxed wpex-first-mt-0 wpex-last-mb-0 wpex-clr\"><div class=\"wpex-carousel-entry-title entry-title wpex-mb-5\"><a href=\"https:\/\/www.reiflock.de\/fr\/news\/generalites\/audit-iso-90012015-a-nouveau-reussi-reiflock-toujours-certifie-avec-succes\/\">Audit ISO 9001:2015 \u00e0 nouveau r\u00e9ussi, REIFLOCK toujours certifi\u00e9 avec succ\u00e8s<\/a><\/div><div class=\"wpex-carousel-entry-date vcex-blog-entry-date entry-date wpex-text-sm wpex-text-3 wpex-mb-5\">13\/05\/2024<\/div><div class=\"wpex-carousel-entry-excerpt entry-excerpt wpex-my-15 wpex-text-pretty wpex-last-mb-0 wpex-clr\"><\/div><\/div><\/div><div class=\"wpex-carousel-slide has-media\"><div class=\"wpex-carousel-entry-media entry-media wpex-relative\"><a href=\"https:\/\/www.reiflock.de\/fr\/news\/generalites\/audit-iso-90012015-reussi-reiflock-a-nouveau-certifie-avec-succes\/\" title=\"Audit ISO 9001:2015 r\u00e9ussi, REIFLOCK \u00e0 nouveau certifi\u00e9 avec succ\u00e8s\" class=\"wpex-carousel-entry-img\"><img data-no-lazy=\"1\" class=\"wpex-align-middle skip-lazy\" src=\"https:\/\/www.reiflock.de\/wp-content\/uploads\/2021\/05\/ISO-deutsch-ab-05.05.21-pdf.jpg\" alt=\"\" width=\"1058\" height=\"1496\"><\/a><\/div><div class=\"wpex-carousel-entry-details entry-details wpex-boxed wpex-first-mt-0 wpex-last-mb-0 wpex-clr\"><div class=\"wpex-carousel-entry-title entry-title wpex-mb-5\"><a href=\"https:\/\/www.reiflock.de\/fr\/news\/generalites\/audit-iso-90012015-reussi-reiflock-a-nouveau-certifie-avec-succes\/\">Audit ISO 9001:2015 r\u00e9ussi, REIFLOCK \u00e0 nouveau certifi\u00e9 avec succ\u00e8s<\/a><\/div><div class=\"wpex-carousel-entry-date vcex-blog-entry-date entry-date wpex-text-sm wpex-text-3 wpex-mb-5\">11\/05\/2021<\/div><div class=\"wpex-carousel-entry-excerpt entry-excerpt wpex-my-15 wpex-text-pretty wpex-last-mb-0 wpex-clr\"><p>Audit ISO 9001:2015 r\u00e9ussi<\/p><\/div><\/div><\/div><div class=\"wpex-carousel-slide has-media\"><div class=\"wpex-carousel-entry-media entry-media wpex-relative\"><a href=\"https:\/\/www.reiflock.de\/fr\/news\/generalites\/nous-avons-emmenage-dans-nos-nouveaux-bureaux\/\" title=\"Nous avons emm\u00e9nag\u00e9 dans nos nouveaux bureaux.\" class=\"wpex-carousel-entry-img\"><img data-no-lazy=\"1\" class=\"wpex-align-middle skip-lazy\" src=\"https:\/\/www.reiflock.de\/wp-content\/uploads\/2026\/03\/reiflock_Wir-sind-umgezogen_FR-center-676x451.jpg\" alt=\"\" srcset=\"https:\/\/www.reiflock.de\/wp-content\/uploads\/2026\/03\/reiflock_Wir-sind-umgezogen_FR-center-676x451.jpg 676w, https:\/\/www.reiflock.de\/wp-content\/uploads\/2026\/03\/reiflock_Wir-sind-umgezogen_FR-center-850x567.jpg 850w\" width=\"676\" height=\"451\"><\/a><\/div><div class=\"wpex-carousel-entry-details entry-details wpex-boxed wpex-first-mt-0 wpex-last-mb-0 wpex-clr\"><div class=\"wpex-carousel-entry-title entry-title wpex-mb-5\"><a href=\"https:\/\/www.reiflock.de\/fr\/news\/generalites\/nous-avons-emmenage-dans-nos-nouveaux-bureaux\/\">Nous avons emm\u00e9nag\u00e9 dans nos nouveaux bureaux.<\/a><\/div><div class=\"wpex-carousel-entry-date vcex-blog-entry-date entry-date wpex-text-sm wpex-text-3 wpex-mb-5\">24\/11\/2020<\/div><div class=\"wpex-carousel-entry-excerpt entry-excerpt wpex-my-15 wpex-text-pretty wpex-last-mb-0 wpex-clr\"><p>Nous avons le plaisir de vous annoncer que nous avons d\u00e9m\u00e9nag\u00e9 dans nos nouveaux bureaux&hellip;<\/p><\/div><\/div><\/div><div class=\"wpex-carousel-slide has-media\"><div class=\"wpex-carousel-entry-media entry-media wpex-relative\"><a href=\"https:\/\/www.reiflock.de\/fr\/news\/generalites\/nouveau-personnel-technique-en-2019\/\" title=\"nouveau personnel technique en 2019\" class=\"wpex-carousel-entry-img\"><img data-no-lazy=\"1\" class=\"wpex-align-middle skip-lazy\" src=\"https:\/\/www.reiflock.de\/wp-content\/uploads\/2016\/06\/Fotolia_109439683_S-center-676x451.jpg\" alt=\"\" srcset=\"https:\/\/www.reiflock.de\/wp-content\/uploads\/2016\/06\/Fotolia_109439683_S-center-676x451.jpg 676w, https:\/\/www.reiflock.de\/wp-content\/uploads\/2016\/06\/Fotolia_109439683_S-600x400.jpg 600w, https:\/\/www.reiflock.de\/wp-content\/uploads\/2016\/06\/Fotolia_109439683_S-300x200.jpg 300w, https:\/\/www.reiflock.de\/wp-content\/uploads\/2016\/06\/Fotolia_109439683_S.jpg 848w\" width=\"676\" height=\"451\"><\/a><\/div><div class=\"wpex-carousel-entry-details entry-details wpex-boxed wpex-first-mt-0 wpex-last-mb-0 wpex-clr\"><div class=\"wpex-carousel-entry-title entry-title wpex-mb-5\"><a href=\"https:\/\/www.reiflock.de\/fr\/news\/generalites\/nouveau-personnel-technique-en-2019\/\">nouveau personnel technique en 2019<\/a><\/div><div class=\"wpex-carousel-entry-date vcex-blog-entry-date entry-date wpex-text-sm wpex-text-3 wpex-mb-5\">24\/04\/2019<\/div><div class=\"wpex-carousel-entry-excerpt entry-excerpt wpex-my-15 wpex-text-pretty wpex-last-mb-0 wpex-clr\"><p>Nous renfor\u00e7ons notre d\u00e9partement technique<\/p><\/div><\/div><\/div><div class=\"wpex-carousel-slide has-media\"><div class=\"wpex-carousel-entry-media entry-media wpex-relative\"><a href=\"https:\/\/www.reiflock.de\/fr\/news\/generalites\/nouvelle-collaboratrice-a-partir-du-01-octobre-2018\/\" title=\"nouvelle collaboratrice \u00e0 partir du 01 octobre 2018\" class=\"wpex-carousel-entry-img\"><img data-no-lazy=\"1\" class=\"wpex-align-middle skip-lazy\" src=\"https:\/\/www.reiflock.de\/wp-content\/uploads\/2016\/06\/Fotolia_109439683_S-center-676x451.jpg\" alt=\"\" srcset=\"https:\/\/www.reiflock.de\/wp-content\/uploads\/2016\/06\/Fotolia_109439683_S-center-676x451.jpg 676w, https:\/\/www.reiflock.de\/wp-content\/uploads\/2016\/06\/Fotolia_109439683_S-600x400.jpg 600w, https:\/\/www.reiflock.de\/wp-content\/uploads\/2016\/06\/Fotolia_109439683_S-300x200.jpg 300w, https:\/\/www.reiflock.de\/wp-content\/uploads\/2016\/06\/Fotolia_109439683_S.jpg 848w\" width=\"676\" height=\"451\"><\/a><\/div><div class=\"wpex-carousel-entry-details entry-details wpex-boxed wpex-first-mt-0 wpex-last-mb-0 wpex-clr\"><div class=\"wpex-carousel-entry-title entry-title wpex-mb-5\"><a href=\"https:\/\/www.reiflock.de\/fr\/news\/generalites\/nouvelle-collaboratrice-a-partir-du-01-octobre-2018\/\">nouvelle collaboratrice \u00e0 partir du 01 octobre 2018<\/a><\/div><div class=\"wpex-carousel-entry-date vcex-blog-entry-date entry-date wpex-text-sm wpex-text-3 wpex-mb-5\">09\/10\/2018<\/div><div class=\"wpex-carousel-entry-excerpt entry-excerpt wpex-my-15 wpex-text-pretty wpex-last-mb-0 wpex-clr\"><p>Nous renfor\u00e7ons notre service interne<\/p><\/div><\/div><\/div><div class=\"wpex-carousel-slide has-media\"><div class=\"wpex-carousel-entry-media entry-media wpex-relative\"><a href=\"https:\/\/www.reiflock.de\/fr\/news\/generalites\/nouvelle-collaboratrice-a-partir-du-01-aout-2018\/\" title=\"nouvelle collaboratrice \u00e0 partir du 01 ao\u00fbt 2018\" class=\"wpex-carousel-entry-img\"><img data-no-lazy=\"1\" class=\"wpex-align-middle skip-lazy\" src=\"https:\/\/www.reiflock.de\/wp-content\/uploads\/2016\/06\/Fotolia_109439683_S-center-676x451.jpg\" alt=\"\" srcset=\"https:\/\/www.reiflock.de\/wp-content\/uploads\/2016\/06\/Fotolia_109439683_S-center-676x451.jpg 676w, https:\/\/www.reiflock.de\/wp-content\/uploads\/2016\/06\/Fotolia_109439683_S-600x400.jpg 600w, https:\/\/www.reiflock.de\/wp-content\/uploads\/2016\/06\/Fotolia_109439683_S-300x200.jpg 300w, https:\/\/www.reiflock.de\/wp-content\/uploads\/2016\/06\/Fotolia_109439683_S.jpg 848w\" width=\"676\" height=\"451\"><\/a><\/div><div class=\"wpex-carousel-entry-details entry-details wpex-boxed wpex-first-mt-0 wpex-last-mb-0 wpex-clr\"><div class=\"wpex-carousel-entry-title entry-title wpex-mb-5\"><a href=\"https:\/\/www.reiflock.de\/fr\/news\/generalites\/nouvelle-collaboratrice-a-partir-du-01-aout-2018\/\">nouvelle collaboratrice \u00e0 partir du 01 ao\u00fbt 2018<\/a><\/div><div class=\"wpex-carousel-entry-date vcex-blog-entry-date entry-date wpex-text-sm wpex-text-3 wpex-mb-5\">03\/08\/2018<\/div><div class=\"wpex-carousel-entry-excerpt entry-excerpt wpex-my-15 wpex-text-pretty wpex-last-mb-0 wpex-clr\"><p>Renforcer notre service interne<\/p><\/div><\/div><\/div><div class=\"wpex-carousel-slide has-media\"><div class=\"wpex-carousel-entry-media entry-media wpex-relative\"><a href=\"https:\/\/www.reiflock.de\/fr\/news\/generalites\/audit-iso-90012015-reussi-reiflock-a-nouveau-certifie-avec-succes-2\/\" title=\"Audit ISO 9001:2015 r\u00e9ussi, REIFLOCK \u00e0 nouveau certifi\u00e9 avec succ\u00e8s\" class=\"wpex-carousel-entry-img\"><img data-no-lazy=\"1\" class=\"wpex-align-middle skip-lazy\" src=\"https:\/\/www.reiflock.de\/wp-content\/uploads\/2018\/07\/ISO-Zertifikat-REIFLOCK-DE-1-von-2-ab-2018-1-pdf.jpg\" alt=\"\" width=\"1058\" height=\"1496\"><\/a><\/div><div class=\"wpex-carousel-entry-details entry-details wpex-boxed wpex-first-mt-0 wpex-last-mb-0 wpex-clr\"><div class=\"wpex-carousel-entry-title entry-title wpex-mb-5\"><a href=\"https:\/\/www.reiflock.de\/fr\/news\/generalites\/audit-iso-90012015-reussi-reiflock-a-nouveau-certifie-avec-succes-2\/\">Audit ISO 9001:2015 r\u00e9ussi, REIFLOCK \u00e0 nouveau certifi\u00e9 avec succ\u00e8s<\/a><\/div><div class=\"wpex-carousel-entry-date vcex-blog-entry-date entry-date wpex-text-sm wpex-text-3 wpex-mb-5\">06\/07\/2018<\/div><div class=\"wpex-carousel-entry-excerpt entry-excerpt wpex-my-15 wpex-text-pretty wpex-last-mb-0 wpex-clr\"><p>Audit ISO 9001:2015 r\u00e9ussi<\/p><\/div><\/div><\/div><\/div>[\/vc_column_inner][\/vc_row_inner][\/vc_column][\/vc_row][vc_row full_width=\u00a0\u00bbstretch_row\u00a0\u00bb css=\u00a0\u00bb.vc_custom_1467011860634{padding-top: 30px !important;background-color: #f2f2f2 !important;}\u00a0\u00bb][vc_column width=\u00a0\u00bb1\/4&Prime;]<style>.vcex-heading.vcex_69f0baf828cfa{font-size:17px;font-weight:600;}<\/style><h4 class=\"vcex-heading vcex-heading-plain vcex-module wpex-heading wpex-text-2xl vcex_69f0baf828cfa\"><span class=\"vcex-heading-inner wpex-inline-block\">Quelques-uns de nos clients<\/span><\/h4>[\/vc_column][vc_column width=\u00a0\u00bb1\/4&Prime;][vc_column_text]\n<h1 style=\"text-align: center;\"><em><strong>Bad Vilbel<\/strong><\/em><\/h1>\n<h1 style=\"text-align: center;\"><em><strong>Emscher Bottrop<\/strong><\/em><\/h1>\n[\/vc_column_text][\/vc_column][vc_column width=\u00a0\u00bb1\/4&Prime;][vc_column_text]\n<h1 style=\"text-align: center;\"><em><strong>Klagenfurt<\/strong><\/em><\/h1>\n<h1 style=\"text-align: center;\"><em><strong>Crailsheim<\/strong><\/em><\/h1>\n[\/vc_column_text][\/vc_column][vc_column width=\u00a0\u00bb1\/4&Prime;][vc_column_text]\n<h1 style=\"text-align: center;\"><em><strong>Wipptal<\/strong><\/em><\/h1>\n<h1 style=\"text-align: center;\"><em><strong>Mare Austria<\/strong><\/em><\/h1>\n[\/vc_column_text][\/vc_column][\/vc_row]\n<\/div>","protected":false},"excerpt":{"rendered":"<p>[vc_row][vc_column][rev_slider_vc alias=\u00a0\u00bbhomeslide\u00a0\u00bb][\/vc_column][\/vc_row][vc_row][vc_column][vc_custom_heading text=\u00a0\u00bbREIFLOCK Abwassertechnik GmbH est aujourd&rsquo;hui l&rsquo;une des entreprises leaders dans le domaine de la chimie des eaux us\u00e9es. Nous sommes \u00e9tablis sur le march\u00e9 depuis des ann\u00e9es gr\u00e2ce \u00e0 des techniques innovantes et \u00e0 une orientation client coh\u00e9rente.\u00a0\u00bb font_container=\u00a0\u00bbtag:h2|font_size:18|text_align:center|color:%23014c9b|line_height:1.4&Prime; google_fonts=\u00a0\u00bbfont_family:Open%20Sans%3A300%2C300italic%2Cregular%2Citalic%2C600%2C600italic%2C700%2C700italic%2C800%2C800italic|font_style:600%20bold%20regular%3A600%3Anormal\u00a0\u00bb][vc_custom_heading text=\u00a0\u00bbNous proposons une gamme compl\u00e8te de produits chimiques pour le traitement des eaux&hellip;<\/p>\n","protected":false},"author":4,"featured_media":0,"parent":0,"menu_order":0,"comment_status":"closed","ping_status":"closed","template":"","meta":{"footnotes":""},"class_list":["post-4657","page","type-page","status-publish","hentry","entry","has-media"],"_links":{"self":[{"href":"https:\/\/www.reiflock.de\/fr\/wp-json\/wp\/v2\/pages\/4657","targetHints":{"allow":["GET"]}}],"collection":[{"href":"https:\/\/www.reiflock.de\/fr\/wp-json\/wp\/v2\/pages"}],"about":[{"href":"https:\/\/www.reiflock.de\/fr\/wp-json\/wp\/v2\/types\/page"}],"author":[{"embeddable":true,"href":"https:\/\/www.reiflock.de\/fr\/wp-json\/wp\/v2\/users\/4"}],"replies":[{"embeddable":true,"href":"https:\/\/www.reiflock.de\/fr\/wp-json\/wp\/v2\/comments?post=4657"}],"version-history":[{"count":19,"href":"https:\/\/www.reiflock.de\/fr\/wp-json\/wp\/v2\/pages\/4657\/revisions"}],"predecessor-version":[{"id":5220,"href":"https:\/\/www.reiflock.de\/fr\/wp-json\/wp\/v2\/pages\/4657\/revisions\/5220"}],"wp:attachment":[{"href":"https:\/\/www.reiflock.de\/fr\/wp-json\/wp\/v2\/media?parent=4657"}],"curies":[{"name":"wp","href":"https:\/\/api.w.org\/{rel}","templated":true}]}}