{"id":4631,"date":"2016-07-08T09:37:15","date_gmt":"2016-07-08T07:37:15","guid":{"rendered":"https:\/\/www.reiflock.de\/produits-chimiques\/"},"modified":"2026-03-13T11:07:08","modified_gmt":"2026-03-13T10:07:08","slug":"produits-chimiques","status":"publish","type":"page","link":"https:\/\/www.reiflock.de\/fr\/produits-chimiques\/","title":{"rendered":"Produits chimiques"},"content":{"rendered":"<div class=\"wpb-content-wrapper\">[vc_row][vc_column][\/vc_column][\/vc_row][vc_row][vc_column width=\u00a0\u00bb1\/2&Prime;][vc_column_text]\n<h2>Produits chimiques<\/h2>\n[\/vc_column_text][vc_column_text]\n<ul>\n<li>Floculants organiques polym\u00e8res<\/li>\n<li>Produits en poudre \u00e0 caract\u00e8re de charge cationique, anionique ou non ionique<\/li>\n<li>Produits liquides \u00e0 caract\u00e8re de charge cationique, anionique ou non ionique<\/li>\n<\/ul>\n[\/vc_column_text][vc_empty_space][vc_column_text]\n<h3><strong>Tous les produits sont disponibles en diff\u00e9rentes densit\u00e9s de charge, poids mol\u00e9culaires et diff\u00e9rentes structures, de lin\u00e9aire \u00e0 partiellement ou totalement r\u00e9ticul\u00e9.<\/strong><\/h3>\n[\/vc_column_text][\/vc_column][vc_column width=\u00a0\u00bb1\/2&Prime;][vc_single_image image=\u00a0\u00bb4632&Prime;][\/vc_column][\/vc_row][vc_row][vc_column css=\u00a0\u00bb.vc_custom_1467965414424{margin-bottom: 10px !important;border-bottom-width: 0px !important;padding-bottom: 0px !important;}\u00a0\u00bb][vc_column_text]\n<h2>Produits compl\u00e9mentaires<\/h2>\n[\/vc_column_text][\/vc_column][\/vc_row][vc_row][vc_column width=\u00a0\u00bb1\/2&Prime;][vc_column_text]<strong>Agent pr\u00e9cipitant :<\/strong><\/p>\n<ul>\n<li>Sulfate d&rsquo;aluminium (solide et liquide)<\/li>\n<li>Solution de chlorure de polyaluminium<\/li>\n<li>Solution de sulfate d&rsquo;aluminium et de fer<\/li>\n<li>Solution de sulfate de fer et de polyaluminium<\/li>\n<li>Solution de chlorure de fer et de polyaluminium<\/li>\n<\/ul>\n[\/vc_column_text][\/vc_column][vc_column width=\u00a0\u00bb1\/2&Prime;][vc_column_text]<strong>Autres produits chimiques :<\/strong><\/p>\n<ul>\n<li>Antimousses<\/li>\n<li>Masque d&rsquo;odeur\/d\u00e9sodorisant<\/li>\n<li>Nettoyeurs de bandes filtrantes et de r\u00e9acteurs<\/li>\n<li>Dissolvant pour polym\u00e8res<\/li>\n<li>Soude caustique<\/li>\n<li>Acide ac\u00e9tique<\/li>\n<\/ul>\n[\/vc_column_text][\/vc_column][\/vc_row][vc_row][vc_column][vc_column_text]\n[\/vc_column_text][\/vc_column][\/vc_row][vc_row css=\u00a0\u00bb.vc_custom_1447938029629{background-color: #014c9b !important;}\u00a0\u00bb][vc_column width=\u00a0\u00bb2\/3&Prime; css=\u00a0\u00bb.vc_custom_1447944016239{margin-bottom: -10px !important;padding-left: 20px !important;}\u00a0\u00bb][vc_empty_space height=\u00a0\u00bb22px\u00a0\u00bb]<style>.vcex-heading.vcex_69f0ce22efb91{color:#ffffff;}<\/style><h2 class=\"vcex-heading vcex-heading-plain vcex-module wpex-heading wpex-text-2xl vcex_69f0ce22efb91\"><span class=\"vcex-heading-inner wpex-inline-block\">Nos services pour vous<\/span><\/h2>[vc_column_text el_class=\u00a0\u00bbhellblau\u00a0\u00bb]Un conseil de proximit\u00e9, une gamme compl\u00e8te de floculants polym\u00e8res et des solutions techniques innovantes avec des techniques de traitement d\u00e9velopp\u00e9es en interne.[\/vc_column_text][\/vc_column][vc_column width=\u00a0\u00bb1\/3&Prime;][vc_empty_space height=\u00a0\u00bb42px\u00a0\u00bb]<style>.vcex-button.vcex_69f0ce22f1425{background:#eb113a;color:#ffffff!important;padding:7px 25px 7px 25px;font-size:16px;font-weight:700;text-transform:uppercase;}.vcex-button.vcex_69f0ce22f1425:hover{background:#ea546f!important;color:#ffffff!important;}<\/style><div class=\"theme-button-wrap textcenter wpex-clr\"><a href=\"https:\/\/www.reiflock.de\/kontakt\/\" class=\"vcex-button theme-button graphical align-center inline vcex_69f0ce22f1425\" title=\"Kontaktformular\"><span class=\"vcex-button-inner theme-button-inner wpex-flex wpex-flex-wrap wpex-items-center wpex-justify-center\">Prendre contact<\/span><\/a><\/div> [\/vc_column][\/vc_row][vc_row][vc_column][vc_empty_space][\/vc_column][\/vc_row]\n<\/div>","protected":false},"excerpt":{"rendered":"<p>[vc_row][vc_column][\/vc_column][\/vc_row][vc_row][vc_column width=\u00a0\u00bb1\/2&Prime;][vc_column_text] Produits chimiques [\/vc_column_text][vc_column_text] Floculants organiques polym\u00e8res Produits en poudre \u00e0 caract\u00e8re de charge cationique, anionique ou non ionique Produits liquides \u00e0 caract\u00e8re de charge cationique, anionique ou non ionique [\/vc_column_text][vc_empty_space][vc_column_text] Tous les produits sont disponibles en diff\u00e9rentes densit\u00e9s de charge, poids mol\u00e9culaires et diff\u00e9rentes structures, de lin\u00e9aire \u00e0 partiellement ou totalement r\u00e9ticul\u00e9. [\/vc_column_text][\/vc_column][vc_column&hellip;<\/p>\n","protected":false},"author":4,"featured_media":0,"parent":0,"menu_order":0,"comment_status":"closed","ping_status":"closed","template":"","meta":{"footnotes":""},"class_list":["post-4631","page","type-page","status-publish","hentry","entry","no-media"],"_links":{"self":[{"href":"https:\/\/www.reiflock.de\/fr\/wp-json\/wp\/v2\/pages\/4631","targetHints":{"allow":["GET"]}}],"collection":[{"href":"https:\/\/www.reiflock.de\/fr\/wp-json\/wp\/v2\/pages"}],"about":[{"href":"https:\/\/www.reiflock.de\/fr\/wp-json\/wp\/v2\/types\/page"}],"author":[{"embeddable":true,"href":"https:\/\/www.reiflock.de\/fr\/wp-json\/wp\/v2\/users\/4"}],"replies":[{"embeddable":true,"href":"https:\/\/www.reiflock.de\/fr\/wp-json\/wp\/v2\/comments?post=4631"}],"version-history":[{"count":15,"href":"https:\/\/www.reiflock.de\/fr\/wp-json\/wp\/v2\/pages\/4631\/revisions"}],"predecessor-version":[{"id":4919,"href":"https:\/\/www.reiflock.de\/fr\/wp-json\/wp\/v2\/pages\/4631\/revisions\/4919"}],"wp:attachment":[{"href":"https:\/\/www.reiflock.de\/fr\/wp-json\/wp\/v2\/media?parent=4631"}],"curies":[{"name":"wp","href":"https:\/\/api.w.org\/{rel}","templated":true}]}}