{"id":4623,"date":"2016-06-28T11:46:43","date_gmt":"2016-06-28T09:46:43","guid":{"rendered":"https:\/\/www.reiflock.de\/a-propos-de-nous\/"},"modified":"2026-03-13T12:16:24","modified_gmt":"2026-03-13T11:16:24","slug":"a-propos-de-nous","status":"publish","type":"page","link":"https:\/\/www.reiflock.de\/fr\/a-propos-de-nous\/","title":{"rendered":"\u00c0 propos de nous"},"content":{"rendered":"<div class=\"wpb-content-wrapper\">[vc_row][vc_column][vc_empty_space][vc_column_text]\n<h2>Historique<\/h2>\n<p>1983 Cr\u00e9ation<\/p>\n<p>2017 Reprise par PolyChemie GmbH\/ SNF Group[\/vc_column_text][vc_column_text]\n<h2>La soci\u00e9t\u00e9 REIFLOCK Abwassertechnik GmbH :<\/h2>\n<p>REIFLOCK Abwassertechnik GmbH est aujourd&rsquo;hui l&rsquo;une des entreprises leaders dans le domaine de la chimie des eaux us\u00e9es. Nous sommes \u00e9tablis sur le march\u00e9 depuis des ann\u00e9es gr\u00e2ce \u00e0 des techniques innovantes et \u00e0 une orientation client coh\u00e9rente.<br \/>\nNous proposons une gamme compl\u00e8te de floculants polym\u00e8res et de produits chimiques pour le traitement des eaux us\u00e9es et des boues, ainsi que des techniques de proc\u00e9d\u00e9s d\u00e9velopp\u00e9es par nos soins pour des r\u00e9sultats plus \u00e9conomiques et plus efficaces.<br \/>\nNos solutions sectorielles desservent des domaines dans l&rsquo;ensemble de l&rsquo;espace europ\u00e9en : stations d&rsquo;\u00e9puration municipales ou solutions individuelles pour l&rsquo;industrie du papier, l&rsquo;industrie chimique, pharmaceutique et cosm\u00e9tique, ainsi que la construction de tunnels et de routes.[\/vc_column_text][vc_empty_space height=\u00a0\u00bb22px\u00a0\u00bb][vc_column_text]<strong>Exp\u00e9rience, flexibilit\u00e9 et fiabilit\u00e9<\/strong><br \/>\nSont les piliers de REIFLOCK Abwassertechnik GmbH. Ils sont les garants de solutions individuelles et efficaces, \u00e9labor\u00e9es sur place par nos collaborateurs comp\u00e9tents et engag\u00e9s.[\/vc_column_text][vc_column_text]\n<h2>Ce qui nous diff\u00e9rencie de la concurrence ?<\/h2>\n<p>Des conseils et des analyses, ainsi qu&rsquo;une gamme compl\u00e8te de produits de haute qualit\u00e9 associ\u00e9s \u00e0 des techniques de dosage et de m\u00e9lange innovantes.<\/p>\n<p>Le concept de notre entreprise est de toujours placer le client et les services \u00e0 fournir au centre de toute consid\u00e9ration. Nous employons un personnel sp\u00e9cialis\u00e9 exceptionnel et disposons d&rsquo;un savoir-faire technique de longue date pour la transformation et l&rsquo;optimisation des groupes de d\u00e9shydratation utilis\u00e9s par le client.<br \/>\nREIFLOCK Abwassertechnik GmbH s&rsquo;occupe d&rsquo;environ 600 clients dans des stations d&rsquo;\u00e9puration communales et industrielles.<br \/>\nLa recherche et le d\u00e9veloppement continus de la gamme de produits que nous proposons garantissent une qualit\u00e9 de produit stable et fiable.[\/vc_column_text][\/vc_column][\/vc_row]\n<\/div>","protected":false},"excerpt":{"rendered":"<p>[vc_row][vc_column][vc_empty_space][vc_column_text] Historique 1983 Cr\u00e9ation 2017 Reprise par PolyChemie GmbH\/ SNF Group[\/vc_column_text][vc_column_text] La soci\u00e9t\u00e9 REIFLOCK Abwassertechnik GmbH : REIFLOCK Abwassertechnik GmbH est aujourd&rsquo;hui l&rsquo;une des entreprises leaders dans le domaine de la chimie des eaux us\u00e9es. Nous sommes \u00e9tablis sur le march\u00e9 depuis des ann\u00e9es gr\u00e2ce \u00e0 des techniques innovantes et \u00e0 une orientation client coh\u00e9rente.&hellip;<\/p>\n","protected":false},"author":4,"featured_media":0,"parent":0,"menu_order":0,"comment_status":"closed","ping_status":"closed","template":"","meta":{"footnotes":""},"class_list":["post-4623","page","type-page","status-publish","hentry","entry","no-media"],"_links":{"self":[{"href":"https:\/\/www.reiflock.de\/fr\/wp-json\/wp\/v2\/pages\/4623","targetHints":{"allow":["GET"]}}],"collection":[{"href":"https:\/\/www.reiflock.de\/fr\/wp-json\/wp\/v2\/pages"}],"about":[{"href":"https:\/\/www.reiflock.de\/fr\/wp-json\/wp\/v2\/types\/page"}],"author":[{"embeddable":true,"href":"https:\/\/www.reiflock.de\/fr\/wp-json\/wp\/v2\/users\/4"}],"replies":[{"embeddable":true,"href":"https:\/\/www.reiflock.de\/fr\/wp-json\/wp\/v2\/comments?post=4623"}],"version-history":[{"count":8,"href":"https:\/\/www.reiflock.de\/fr\/wp-json\/wp\/v2\/pages\/4623\/revisions"}],"predecessor-version":[{"id":4970,"href":"https:\/\/www.reiflock.de\/fr\/wp-json\/wp\/v2\/pages\/4623\/revisions\/4970"}],"wp:attachment":[{"href":"https:\/\/www.reiflock.de\/fr\/wp-json\/wp\/v2\/media?parent=4623"}],"curies":[{"name":"wp","href":"https:\/\/api.w.org\/{rel}","templated":true}]}}