{"id":4608,"date":"2016-07-18T10:42:41","date_gmt":"2016-07-18T08:42:41","guid":{"rendered":"https:\/\/www.reiflock.de\/certificats\/"},"modified":"2026-03-05T17:21:31","modified_gmt":"2026-03-05T16:21:31","slug":"certificats","status":"publish","type":"page","link":"https:\/\/www.reiflock.de\/fr\/certificats\/","title":{"rendered":"Certificats"},"content":{"rendered":"<div class=\"wpb-content-wrapper\">[vc_row][vc_column][vc_column_text]Audit ISO 9001 r\u00e9ussi, REIFLOCK \u00e0 nouveau certifi\u00e9 avec succ\u00e8s<\/p>\n<p><strong>Notre objectif principal<\/strong> est la satisfaction de nos clients, c&rsquo;est pourquoi nous nous engageons, sous la forme de ce syst\u00e8me de gestion de la qualit\u00e9, \u00e0 r\u00e9pondre aux attentes de nos clients en termes de qualit\u00e9, de service, de respect des d\u00e9lais de livraison et de prix.[\/vc_column_text][\/vc_column][\/vc_row][vc_row][vc_column width=\u00a0\u00bb1\/3&Prime;][vc_single_image image=\u00a0\u00bb4609&Prime; onclick=\u00a0\u00bbcustom_link\u00a0\u00bb img_link_target=\u00a0\u00bb_blank\u00a0\u00bb link=<a href=\"https:\/\/www.reiflock.de\/wp-content\/uploads\/2021\/05\/ISO-deutsch-ab-05.05.21.pdf\">\u00ab\u00a0https:\/\/www.reiflock.de\/wp-content\/uploads\/2018\/07\/ISO-Zertifikat-REIFLOCK-Austria-DE-1-von-1-ab-2018.pdf\u00a0\u00bb<\/a>][vc_column_text]<a href=\"https:\/\/www.reiflock.de\/wp-content\/uploads\/2021\/05\/ISO-deutsch-ab-05.05.21.pdf\">ISO fran\u00e7ais \u00e0 partir du 05.05.21<\/a>[\/vc_column_text][\/vc_column][vc_column width=\u00a0\u00bb1\/3&Prime;][vc_single_image image=\u00a0\u00bb4610&Prime; onclick=\u00a0\u00bbcustom_link\u00a0\u00bb img_link_target=\u00a0\u00bb_blank\u00a0\u00bb link=<a href=\"https:\/\/www.reiflock.de\/wp-content\/uploads\/2021\/05\/ISO-englisch-ab-05.05.21.pdf\">\u00ab\u00a0https:\/\/www.reiflock.de\/wp-content\/uploads\/2018\/07\/ISO-Zertifikat-REIFLOCK-Austria-DE-1-von-1-ab-2018.pdf\u00a0\u00bb<\/a>][vc_column_text]<a href=\"https:\/\/www.reiflock.de\/wp-content\/uploads\/2021\/05\/ISO-englisch-ab-05.05.21.pdf\" target=\"_blank\" rel=\"noopener\">ISO 9001:2015 en anglais<\/a>[\/vc_column_text][\/vc_column][vc_column width=\u00a0\u00bb1\/3&Prime;][\/vc_column][\/vc_row]\n<\/div>","protected":false},"excerpt":{"rendered":"<p>[vc_row][vc_column][vc_column_text]Audit ISO 9001 r\u00e9ussi, REIFLOCK \u00e0 nouveau certifi\u00e9 avec succ\u00e8s Notre objectif principal est la satisfaction de nos clients, c&rsquo;est pourquoi nous nous engageons, sous la forme de ce syst\u00e8me de gestion de la qualit\u00e9, \u00e0 r\u00e9pondre aux attentes de nos clients en termes de qualit\u00e9, de service, de respect des d\u00e9lais de livraison et&hellip;<\/p>\n","protected":false},"author":4,"featured_media":0,"parent":0,"menu_order":0,"comment_status":"closed","ping_status":"closed","template":"","meta":{"footnotes":""},"class_list":["post-4608","page","type-page","status-publish","hentry","entry","no-media"],"_links":{"self":[{"href":"https:\/\/www.reiflock.de\/fr\/wp-json\/wp\/v2\/pages\/4608","targetHints":{"allow":["GET"]}}],"collection":[{"href":"https:\/\/www.reiflock.de\/fr\/wp-json\/wp\/v2\/pages"}],"about":[{"href":"https:\/\/www.reiflock.de\/fr\/wp-json\/wp\/v2\/types\/page"}],"author":[{"embeddable":true,"href":"https:\/\/www.reiflock.de\/fr\/wp-json\/wp\/v2\/users\/4"}],"replies":[{"embeddable":true,"href":"https:\/\/www.reiflock.de\/fr\/wp-json\/wp\/v2\/comments?post=4608"}],"version-history":[{"count":3,"href":"https:\/\/www.reiflock.de\/fr\/wp-json\/wp\/v2\/pages\/4608\/revisions"}],"predecessor-version":[{"id":4614,"href":"https:\/\/www.reiflock.de\/fr\/wp-json\/wp\/v2\/pages\/4608\/revisions\/4614"}],"wp:attachment":[{"href":"https:\/\/www.reiflock.de\/fr\/wp-json\/wp\/v2\/media?parent=4608"}],"curies":[{"name":"wp","href":"https:\/\/api.w.org\/{rel}","templated":true}]}}